{"id":3359,"date":"2022-08-05T10:07:59","date_gmt":"2022-08-05T08:07:59","guid":{"rendered":"https:\/\/jednostki.uksw.edu.pl\/wfch\/?page_id=28"},"modified":"2026-04-21T10:25:47","modified_gmt":"2026-04-21T08:25:47","slug":"akty-prawne","status":"publish","type":"page","link":"https:\/\/dpm.uksw.edu.pl\/akty-prawne\/","title":{"rendered":"Akty prawne"},"content":{"rendered":"\r\n<div class=\"\">\r\n\r\n\r\n<div class=\"row\">\r\n\r\n  \r\n<div class=\"col-xl-12 col-lg-12 col-md-12 col-sm-12 \">\r\n\t\t<div class=\"download_detils\">\r\n\t\t\t<a href=\"https:\/\/dpm.uksw.edu.pl\/wp-content\/uploads\/sites\/23\/2025\/11\/1763728718_zarz-77-2025-1.pdf\"  title=\"Zarz\u0105dzenie Nr 77\/2025 Rektora Uniwersytetu Kardyna\u0142a Stefana Wyszy\u0144skiego w Warszawie z dnia 21 listopada 2025 r. w sprawie wysoko\u015bci dochodu na osob\u0119 w rodzinie studenta uprawniaj\u0105cego do ubiegania si\u0119 o stypendium socjalne oraz w sprawie wysoko\u015bci \u015bwiadcze\u0144 stypendialnych na rok akademicki 2025\/2026 Uniwersytetu Kardyna\u0142a Stefana Wyszy\u0144skiego w Warszawie\" download >\r\n\t\t\t<img decoding=\"async\" src=\"https:\/\/dpm.uksw.edu.pl\/wp-content\/themes\/uksw\/images\/import.svg\" alt=\"\"> Zarz\u0105dzenie Nr 77\/2025 Rektora Uniwersytetu Kardyna\u0142a Stefana Wyszy\u0144skiego w\nWarszawie z dnia 21 listopada 2025 r. w sprawie wysoko\u015bci dochodu na osob\u0119 w\nrodzinie studenta uprawniaj\u0105cego do ubiegania si\u0119 o stypendium socjalne oraz w\nsprawie wysoko\u015bci \u015bwiadcze\u0144 stypendialnych na rok akademicki 2025\/2026\nUniwersytetu Kardyna\u0142a Stefana Wyszy\u0144skiego w Warszawie [PDF,  0.13 MB]<\/a>\r\n\t\t<\/div>\r\n<\/div>\r\n\r\n\r\n\t\t\r\n<div class=\"col-xl-12 col-lg-12 col-md-12 col-sm-12 \">\r\n\t\t<div class=\"download_detils\">\r\n\t\t\t<a href=\"https:\/\/dpm.uksw.edu.pl\/wp-content\/uploads\/sites\/23\/2025\/09\/Regulamin-Swiadczen-dla-Studentow.pdf\"  title=\"Regulamin Swiadcze\u0144 dla Student\u00f3w\" download >\r\n\t\t\t<img decoding=\"async\" src=\"https:\/\/dpm.uksw.edu.pl\/wp-content\/themes\/uksw\/images\/import.svg\" alt=\"\"> Regulamin Swiadcze\u0144 dla Student\u00f3w [PDF,  0.25 MB]<\/a>\r\n\t\t<\/div>\r\n<\/div>\r\n\r\n\r\n\t\t\r\n<div class=\"col-xl-12 col-lg-12 col-md-12 col-sm-12 \">\r\n\t\t<div class=\"download_detils\">\r\n\t\t\t<a href=\"https:\/\/dpm.uksw.edu.pl\/wp-content\/uploads\/sites\/23\/2025\/08\/zarzadzenie-61.pdf\"  title=\"ZARZ\u0104DZENIE Nr 61\/2025 Rektora Uniwersytetu Kardyna\u0142a Stefana Wyszy\u0144skiego w Warszawie z dnia 13 sierpnia 2025 r. zmieniaj\u0105ce Zarz\u0105dzenie Nr 42\/2024 Rektora Uniwersytet Kardyna\u0142a Stefana Wyszy\u0144skiego w Warszawie w sprawie wprowadzenia Regulaminu \u015bwiadcze\u0144 dla student\u00f3w Uniwersytetu Kardyna\u0142a Stefana Wyszy\u0144skiego w Warszawie przyznawanych z Funduszu Stypendialnego\" download >\r\n\t\t\t<img decoding=\"async\" src=\"https:\/\/dpm.uksw.edu.pl\/wp-content\/themes\/uksw\/images\/import.svg\" alt=\"\"> ZARZ\u0104DZENIE Nr 61\/2025 Rektora Uniwersytetu Kardyna\u0142a Stefana Wyszy\u0144skiego w\nWarszawie z dnia 13 sierpnia 2025 r. zmieniaj\u0105ce Zarz\u0105dzenie Nr 42\/2024\nRektora Uniwersytet Kardyna\u0142a Stefana Wyszy\u0144skiego w Warszawie w sprawie\nwprowadzenia Regulaminu \u015bwiadcze\u0144 dla student\u00f3w Uniwersytetu Kardyna\u0142a\nStefana Wyszy\u0144skiego w Warszawie przyznawanych z Funduszu Stypendialnego [PDF,  0.07 MB]<\/a>\r\n\t\t<\/div>\r\n<\/div>\r\n\r\n\r\n\t\t\r\n<div class=\"col-xl-12 col-lg-12 col-md-12 col-sm-12 \">\r\n\t\t<div class=\"download_detils\">\r\n\t\t\t<a href=\"https:\/\/dpm.uksw.edu.pl\/wp-content\/uploads\/sites\/23\/2024\/11\/stawki-stypendialne.pdf\"  title=\"Zarz\u0105dzenie Nr 72\/2024 Rektora Uniwersytetu Kardyna\u0142a Stefana Wyszy\u0144skiego w Warszawie z dnia 20 listopada 2024 w sprawie wysoko\u015bci dochodu na osob\u0119 w rodzinie studenta uprawniaj\u0105cego do ubiegania si\u0119 o stypendium socjalne oraz w sprawie wysoko\u015bci \u015bwiadcze\u0144 stypendialnych na rok akademicki 2024\/2025 \" download >\r\n\t\t\t<img decoding=\"async\" src=\"https:\/\/dpm.uksw.edu.pl\/wp-content\/themes\/uksw\/images\/import.svg\" alt=\"\"> Zarz\u0105dzenie Nr 72\/2024 Rektora Uniwersytetu Kardyna\u0142a Stefana Wyszy\u0144skiego w\nWarszawie z dnia 20 listopada 2024 w sprawie wysoko\u015bci dochodu na osob\u0119 w\nrodzinie studenta uprawniaj\u0105cego do ubiegania si\u0119 o stypendium socjalne oraz w\nsprawie wysoko\u015bci \u015bwiadcze\u0144 stypendialnych na rok akademicki 2024\/2025  [PDF,  0.12 MB]<\/a>\r\n\t\t<\/div>\r\n<\/div>\r\n\r\n\r\n\t\t\r\n<div class=\"col-xl-12 col-lg-12 col-md-12 col-sm-12 \">\r\n\t\t<div class=\"download_detils\">\r\n\t\t\t<a href=\"https:\/\/dpm.uksw.edu.pl\/wp-content\/uploads\/sites\/23\/2024\/01\/zarzadzenie-74.pdf\"  title=\"Zarz\u0105dzenie Nr 74\/2023 Rektora Uniwersytetu Kardyna\u0142a Stefana Wyszy\u0144skiego w Warszawie z dnia 17 listopada 2023 r. w sprawie wysoko\u015bci dochodu na osob\u0119 w rodzinie studenta uprawniaj\u0105cego do ubiegania si\u0119 o stypendium socjalne oraz w sprawie wysoko\u015bci \u015bwiadcze\u0144 stypendialnych na rok akademicki 2023\/2024 Uniwersytetu Kardyna\u0142a Stefana Wyszy\u0144skiego w Warszawie\" download >\r\n\t\t\t<img decoding=\"async\" src=\"https:\/\/dpm.uksw.edu.pl\/wp-content\/themes\/uksw\/images\/import.svg\" alt=\"\"> Zarz\u0105dzenie Nr 74\/2023 Rektora Uniwersytetu Kardyna\u0142a Stefana Wyszy\u0144skiego w\nWarszawie z dnia 17 listopada 2023 r. w sprawie wysoko\u015bci dochodu na osob\u0119 w\nrodzinie studenta uprawniaj\u0105cego do ubiegania si\u0119 o stypendium socjalne oraz w\nsprawie wysoko\u015bci \u015bwiadcze\u0144 stypendialnych na rok akademicki 2023\/2024\nUniwersytetu Kardyna\u0142a Stefana Wyszy\u0144skiego w Warszawie [PDF,  0.06 MB]<\/a>\r\n\t\t<\/div>\r\n<\/div>\r\n\r\n\r\n\t\t\r\n<div class=\"col-xl-12 col-lg-12 col-md-12 col-sm-12 \">\r\n\t\t<div class=\"download_detils\">\r\n\t\t\t<a href=\"https:\/\/dpm.uksw.edu.pl\/wp-content\/uploads\/sites\/23\/2024\/01\/107.pdf\"  title=\"Zarz\u0105dzenie Nr 107\/2022 Rektora Uniwersytetu Kardyna\u0142a Stefana Wyszy\u0144skiego w Warszawie z dnia 21 listopada 2022 r. w sprawie wysoko\u015bci dochodu na osob\u0119 w rodzinie studenta uprawniaj\u0105cego do ubiegania si\u0119 o stypendium socjalne oraz w sprawie wysoko\u015bci \u015bwiadcze\u0144 stypendialnych na rok akademicki 2022\/2023 Uniwersytetu Kardyna\u0142a Stefana Wyszy\u0144skiego w Warszawie\" download >\r\n\t\t\t<img decoding=\"async\" src=\"https:\/\/dpm.uksw.edu.pl\/wp-content\/themes\/uksw\/images\/import.svg\" alt=\"\"> Zarz\u0105dzenie Nr 107\/2022 Rektora Uniwersytetu Kardyna\u0142a Stefana Wyszy\u0144skiego w\nWarszawie z dnia 21 listopada 2022 r. w sprawie wysoko\u015bci dochodu na osob\u0119 w\nrodzinie studenta uprawniaj\u0105cego do ubiegania si\u0119 o stypendium socjalne oraz w\nsprawie wysoko\u015bci \u015bwiadcze\u0144 stypendialnych na rok akademicki 2022\/2023\nUniwersytetu Kardyna\u0142a Stefana Wyszy\u0144skiego w Warszawie [PDF,  0.12 MB]<\/a>\r\n\t\t<\/div>\r\n<\/div>\r\n\r\n\r\n\t\t\r\n<div class=\"col-xl-12 col-lg-12 col-md-12 col-sm-12 \">\r\n\t\t<div class=\"download_detils\">\r\n\t\t\t<a href=\"https:\/\/dpm.uksw.edu.pl\/wp-content\/uploads\/sites\/23\/2024\/01\/21.pdf\"  title=\"Zarz\u0105dzenie Nr 125\/2021 Rektora Uniwersytetu Kardyna\u0142a Stefana Wyszy\u0144skiego w Warszawie z dnia 19 listopada 2021 r. w sprawie wysoko\u015bci dochodu na osob\u0119 w rodzinie studenta uprawniaj\u0105cego do ubiegania si\u0119 o stypendium socjalne oraz w sprawie wysoko\u015bci \u015bwiadcze\u0144 stypendialnych na rok akademicki 2021\/2022 Uniwersytetu Kardyna\u0142a Stefana Wyszy\u0144skiego w Warszawie\" download >\r\n\t\t\t<img decoding=\"async\" src=\"https:\/\/dpm.uksw.edu.pl\/wp-content\/themes\/uksw\/images\/import.svg\" alt=\"\"> Zarz\u0105dzenie Nr 125\/2021 Rektora Uniwersytetu Kardyna\u0142a Stefana Wyszy\u0144skiego w\nWarszawie z dnia 19 listopada 2021 r. w sprawie wysoko\u015bci dochodu na osob\u0119 w\nrodzinie studenta uprawniaj\u0105cego do ubiegania si\u0119 o stypendium socjalne oraz w\nsprawie wysoko\u015bci \u015bwiadcze\u0144 stypendialnych na rok akademicki 2021\/2022\nUniwersytetu Kardyna\u0142a Stefana Wyszy\u0144skiego w Warszawie [PDF,  0.08 MB]<\/a>\r\n\t\t<\/div>\r\n<\/div>\r\n\r\n\r\n\t\t\r\n<div class=\"col-xl-12 col-lg-12 col-md-12 col-sm-12 \">\r\n\t\t<div class=\"download_detils\">\r\n\t\t\t<a href=\"https:\/\/dpm.uksw.edu.pl\/wp-content\/uploads\/sites\/23\/2022\/11\/1606483769_z-79-2020-1.pdf\"  title=\"Zarz\u0105dzenie Nr 79\/2020 Rektora Uniwersytetu Kardyna\u0142a Stefana Wyszy\u0144skiego w Warszawie z dnia 27 listopada 2020 r. w sprawie wysoko\u015bci dochodu na osob\u0119 w rodzinie doktoranta uprawniaj\u0105cego do ubiegania si\u0119 o stypendium socjalne oraz w sprawie wysoko\u015bci \u015bwiadcze\u0144 pomocy materialnej na rok akademicki 2020\/2021 Uniwersytetu Kardyna\u0142a Stefana Wyszy\u0144skiego w Warszawie\" download >\r\n\t\t\t<img decoding=\"async\" src=\"https:\/\/dpm.uksw.edu.pl\/wp-content\/themes\/uksw\/images\/import.svg\" alt=\"\"> Zarz\u0105dzenie Nr 79\/2020 Rektora Uniwersytetu Kardyna\u0142a Stefana Wyszy\u0144skiego w\nWarszawie z dnia 27 listopada 2020 r. w sprawie wysoko\u015bci dochodu na osob\u0119 w\nrodzinie doktoranta uprawniaj\u0105cego do ubiegania si\u0119 o stypendium socjalne oraz\nw sprawie wysoko\u015bci \u015bwiadcze\u0144 pomocy materialnej na rok akademicki 2020\/2021\nUniwersytetu Kardyna\u0142a Stefana Wyszy\u0144skiego w Warszawie [PDF,  0.12 MB]<\/a>\r\n\t\t<\/div>\r\n<\/div>\r\n\r\n\r\n\t\t\r\n<div class=\"col-xl-12 col-lg-12 col-md-12 col-sm-12 \">\r\n\t\t<div class=\"download_detils\">\r\n\t\t\t<a href=\"https:\/\/dpm.uksw.edu.pl\/wp-content\/uploads\/sites\/23\/2022\/11\/1606291445_z-78-2020.pdf\"  title=\"Zarz\u0105dzenie Nr 78\/2020 Rektora Uniwersytetu Kardyna\u0142a Stefana Wyszy\u0144skiego w Warszawie z dnia 23 listopada 2020 r. w sprawie wysoko\u015bci dochodu na osob\u0119 w rodzinie studenta uprawniaj\u0105cego do ubiegania si\u0119 o stypendium socjalne oraz w sprawie wysoko\u015bci \u015bwiadcze\u0144 stypendialnych na rok akademicki 2020\/2021 Uniwersytetu Kardyna\u0142a Stefana Wyszy\u0144skiego w Warszawie\" download >\r\n\t\t\t<img decoding=\"async\" src=\"https:\/\/dpm.uksw.edu.pl\/wp-content\/themes\/uksw\/images\/import.svg\" alt=\"\"> Zarz\u0105dzenie Nr 78\/2020 Rektora Uniwersytetu Kardyna\u0142a Stefana Wyszy\u0144skiego w\nWarszawie z dnia 23 listopada 2020 r. w sprawie wysoko\u015bci dochodu na osob\u0119 w\nrodzinie studenta uprawniaj\u0105cego do ubiegania si\u0119 o stypendium socjalne oraz w\nsprawie wysoko\u015bci \u015bwiadcze\u0144 stypendialnych na rok akademicki 2020\/2021\nUniwersytetu Kardyna\u0142a Stefana Wyszy\u0144skiego w Warszawie [PDF,  0.12 MB]<\/a>\r\n\t\t<\/div>\r\n<\/div>\r\n\r\n\r\n\t\t\r\n<div class=\"col-xl-12 col-lg-12 col-md-12 col-sm-12 \">\r\n\t\t<div class=\"download_detils\">\r\n\t\t\t<a href=\"https:\/\/dpm.uksw.edu.pl\/wp-content\/uploads\/sites\/23\/2024\/08\/1722862715_zarz-42-20242.pdf\"  title=\"Zarz\u0105dzenia Nr 42\/2024 Rektora Uniwersytetu Kardyna\u0142a Stefana Wyszy\u0144skiego w Warszawie z dnia 5 sierpnia 2024 r.\" download >\r\n\t\t\t<img decoding=\"async\" src=\"https:\/\/dpm.uksw.edu.pl\/wp-content\/themes\/uksw\/images\/import.svg\" alt=\"\"> Zarz\u0105dzenia Nr 42\/2024 Rektora Uniwersytetu Kardyna\u0142a Stefana Wyszy\u0144skiego w\nWarszawie z dnia 5 sierpnia 2024 r. [PDF,  0.06 MB]<\/a>\r\n\t\t<\/div>\r\n<\/div>\r\n\r\n\r\n\t\t\r\n<div class=\"col-xl-12 col-lg-12 col-md-12 col-sm-12 \">\r\n\t\t<div class=\"download_detils\">\r\n\t\t\t<a href=\"https:\/\/dpm.uksw.edu.pl\/wp-content\/uploads\/sites\/23\/2024\/08\/1722862738_zal-do-zarz-regulamin1-2.pdf\"  title=\"Regulamin \u015awiadcze\u0144 dla Student\u00f3w Uniwersytetu Kardyna\u0142a Stefana Wyszy\u0144skiego w Warszawie przyznawanych z Funduszu Stypendialnego\" download >\r\n\t\t\t<img decoding=\"async\" src=\"https:\/\/dpm.uksw.edu.pl\/wp-content\/themes\/uksw\/images\/import.svg\" alt=\"\"> Regulamin \u015awiadcze\u0144 dla Student\u00f3w Uniwersytetu Kardyna\u0142a Stefana\nWyszy\u0144skiego w Warszawie przyznawanych z Funduszu Stypendialnego [PDF,  0.14 MB]<\/a>\r\n\t\t<\/div>\r\n<\/div>\r\n\r\n\r\n\t\t\r\n<div class=\"col-xl-12 col-lg-12 col-md-12 col-sm-12 \">\r\n\t\t<div class=\"download_detils\">\r\n\t\t\t<a href=\"https:\/\/dpm.uksw.edu.pl\/wp-content\/uploads\/sites\/23\/2022\/11\/zal_do_zarz-40_regulamin.pdf\"  title=\"Za\u0142\u0105cznik do Zarz\u0105dzenia Nr 40\/2019 Rektora UKSW z dnia 27 wrze\u015bnia 2019 r. \u2013 REGULAMIN \u015aWIADCZE\u0143 DLA STUDENT\u00d3W Uniwersytetu Kardyna\u0142a Stefana Wyszy\u0144skiego w Warszawie przyznawanych z Funduszu Stypendialnego\" download >\r\n\t\t\t<img decoding=\"async\" src=\"https:\/\/dpm.uksw.edu.pl\/wp-content\/themes\/uksw\/images\/import.svg\" alt=\"\"> Za\u0142\u0105cznik do Zarz\u0105dzenia Nr 40\/2019 Rektora UKSW z dnia 27 wrze\u015bnia 2019 r.\n\u2013 REGULAMIN \u015aWIADCZE\u0143 DLA STUDENT\u00d3W Uniwersytetu Kardyna\u0142a Stefana\nWyszy\u0144skiego w Warszawie przyznawanych z Funduszu Stypendialnego [PDF,  0.59 MB]<\/a>\r\n\t\t<\/div>\r\n<\/div>\r\n\r\n\r\n\t\t\r\n<div class=\"col-xl-12 col-lg-12 col-md-12 col-sm-12 \">\r\n\t\t<div class=\"download_detils\">\r\n\t\t\t<a href=\"https:\/\/dpm.uksw.edu.pl\/wp-content\/uploads\/sites\/23\/2024\/08\/Ustawa-o-swiadczeniach-rodzinnych-Dz.-U.-z-2023-r.-poz.-390-ze-zm.pdf\"  title=\"Ustawa o \u015bwiadczeniach rodzinnych z p\u00f3\u017a\u0144.zm.\" download >\r\n\t\t\t<img decoding=\"async\" src=\"https:\/\/dpm.uksw.edu.pl\/wp-content\/themes\/uksw\/images\/import.svg\" alt=\"\"> Ustawa o \u015bwiadczeniach rodzinnych z p\u00f3\u017a\u0144.zm. [PDF,  0.59 MB]<\/a>\r\n\t\t<\/div>\r\n<\/div>\r\n\r\n\r\n\t\t\r\n<div class=\"col-xl-12 col-lg-12 col-md-12 col-sm-12 \">\r\n\t\t<div class=\"download_detils\">\r\n\t\t\t<a href=\"https:\/\/dpm.uksw.edu.pl\/wp-content\/uploads\/sites\/23\/2024\/08\/Obwieszczenia-Ministra-Rodziny-Pracy-i-Polityki-Spolecznej-w-sprawie-wysokosci-dochodu-za-rok-2023-z-dzialalnosci-podlegajacej-opodatkowaniu-na-podstawie.pdf\"  title=\"Obwieszczenie Ministra Rodziny, Pracy i Polityki Spo\u0142ecznej  w sprawie wysoko\u015bci dochodu za rok 2023 z dzia\u0142alno\u015bci podlegaj\u0105cej opodatkowaniu na podstawie przepis\u00f3w o zrycza\u0142towanym podatku dochodowym od niekt\u00f3rych przychod\u00f3w osi\u0105ganych przez osoby fizyczne\" download >\r\n\t\t\t<img decoding=\"async\" src=\"https:\/\/dpm.uksw.edu.pl\/wp-content\/themes\/uksw\/images\/import.svg\" alt=\"\"> Obwieszczenie Ministra Rodziny, Pracy i Polityki Spo\u0142ecznej  w sprawie\nwysoko\u015bci dochodu za rok 2023 z dzia\u0142alno\u015bci podlegaj\u0105cej opodatkowaniu na\npodstawie przepis\u00f3w o zrycza\u0142towanym podatku dochodowym od niekt\u00f3rych\nprzychod\u00f3w osi\u0105ganych przez osoby fizyczne [PDF,  0.41 MB]<\/a>\r\n\t\t<\/div>\r\n<\/div>\r\n\r\n\r\n\t\t\r\n<div class=\"col-xl-12 col-lg-12 col-md-12 col-sm-12 \">\r\n\t\t<div class=\"download_detils\">\r\n\t\t\t<a href=\"https:\/\/dpm.uksw.edu.pl\/wp-content\/uploads\/sites\/23\/2024\/08\/Ustawa-o-szkolnictwie-wyzszym-i-nauce-z-dnia-20-lipca-2018r.-zpozn.-zm.pdf\"  title=\"Ustawa Prawo o szkolnictwie wy\u017cszym i nauce z dnia 20 lipca 2018r. p\u00f3\u017an. zm.\" download >\r\n\t\t\t<img decoding=\"async\" src=\"https:\/\/dpm.uksw.edu.pl\/wp-content\/themes\/uksw\/images\/import.svg\" alt=\"\"> Ustawa Prawo o szkolnictwie wy\u017cszym i nauce z dnia 20 lipca 2018r. p\u00f3\u017an. zm. [PDF,  1.51 MB]<\/a>\r\n\t\t<\/div>\r\n<\/div>\r\n\r\n\r\n\t\t\r\n\t\t \r\n\r\n<\/div>\r\n<\/div>\r\n<div class=\"space20\"><\/div>\r\n\r\n\n\n\n<p>Wysoko\u015b\u0107 przeci\u0119tnego dochodu z pracy w indywidualnych gospodarstwach rolnych z 1 ha przeliczeniowego w 2024 roku wyni\u00f3s\u0142 5429 z\u0142 <\/p>\n\n\n\n<p><\/p>\n\n\n\n<p><\/p>\n","protected":false},"excerpt":{"rendered":"<p>Wysoko\u015b\u0107 przeci\u0119tnego dochodu z pracy w indywidualnych gospodarstwach rolnych z 1 ha przeliczeniowego w 2024 roku wyni\u00f3s\u0142 5429 z\u0142<\/p>\n","protected":false},"author":7,"featured_media":4395,"parent":0,"menu_order":0,"comment_status":"closed","ping_status":"closed","template":"page-templates\/template-sub-page.php","meta":{"_acf_changed":false,"inline_featured_image":false,"footnotes":"","_links_to":"","_links_to_target":""},"class_list":["post-3359","page","type-page","status-publish","has-post-thumbnail","hentry"],"acf":[],"_links":{"self":[{"href":"https:\/\/dpm.uksw.edu.pl\/pl\/wp-json\/wp\/v2\/pages\/3359","targetHints":{"allow":["GET"]}}],"collection":[{"href":"https:\/\/dpm.uksw.edu.pl\/pl\/wp-json\/wp\/v2\/pages"}],"about":[{"href":"https:\/\/dpm.uksw.edu.pl\/pl\/wp-json\/wp\/v2\/types\/page"}],"author":[{"embeddable":true,"href":"https:\/\/dpm.uksw.edu.pl\/pl\/wp-json\/wp\/v2\/users\/7"}],"replies":[{"embeddable":true,"href":"https:\/\/dpm.uksw.edu.pl\/pl\/wp-json\/wp\/v2\/comments?post=3359"}],"version-history":[{"count":31,"href":"https:\/\/dpm.uksw.edu.pl\/pl\/wp-json\/wp\/v2\/pages\/3359\/revisions"}],"predecessor-version":[{"id":5125,"href":"https:\/\/dpm.uksw.edu.pl\/pl\/wp-json\/wp\/v2\/pages\/3359\/revisions\/5125"}],"wp:featuredmedia":[{"embeddable":true,"href":"https:\/\/dpm.uksw.edu.pl\/pl\/wp-json\/wp\/v2\/media\/4395"}],"wp:attachment":[{"href":"https:\/\/dpm.uksw.edu.pl\/pl\/wp-json\/wp\/v2\/media?parent=3359"}],"curies":[{"name":"wp","href":"https:\/\/api.w.org\/{rel}","templated":true}]}}