{"id":3362,"date":"2022-08-03T11:35:40","date_gmt":"2022-08-03T09:35:40","guid":{"rendered":"https:\/\/jednostki.uksw.edu.pl\/?page_id=2780"},"modified":"2025-09-15T09:52:53","modified_gmt":"2025-09-15T07:52:53","slug":"akademiki","status":"publish","type":"page","link":"https:\/\/dpm.uksw.edu.pl\/akademiki\/","title":{"rendered":"Akademiki"},"content":{"rendered":"\n<p>Domy studenckie &#8222;Jelonek&#8221;, &#8222;Roga\u015b&#8221; , &#8222;Sarna&#8221; znajduj\u0105 si\u0119 na ul. Konarskiego 3, 01-355 Warszawa<\/p>\n\n\n\n<p><\/p>\n\n\n\n<h3 class=\"wp-block-heading has-text-align-center\"><strong>Terminy sk\u0142adania wniosk\u00f3w o&nbsp;akademik na&nbsp;rok akademicki 2025\/2026<\/strong>:<\/h3>\n\n\n\n<p>Studenci II&nbsp;\u2013 VI roku oraz&nbsp;doktoranci II&nbsp;\u2013 IV roku: <strong>od&nbsp;2 czerwca do&nbsp;13 czerwca 2025r<\/strong><\/p>\n\n\n\n<p>Do&nbsp;wniosku o&nbsp;akademik nale\u017cy z\u0142o\u017cy\u0107 o\u015bwiadczenie o&nbsp;dochodach za&nbsp;miesi\u0105c MAJ 2025&nbsp;r. ( za\u0142. nr 12)<\/p>\n\n\n\n<p>Studenci i&nbsp;doktoranci, kt\u00f3rzy&nbsp;zostan\u0105 przyj\u0119ci na&nbsp;I&nbsp;rok studi\u00f3w w&nbsp;roku akademickim 2025\/2026,&nbsp;b\u0105d\u017a przenios\u0105 si\u0119 z&nbsp;innej uczelni, b\u0119d\u0105 mogli sk\u0142ada\u0107 wnioski o&nbsp;akademik&nbsp;w terminie:&nbsp;<strong>od&nbsp;1 wrze\u015bnia do&nbsp;09 wrze\u015bnia 2025<\/strong>&nbsp;r.&nbsp;Do&nbsp;wniosku o&nbsp;akademik nale\u017cy z\u0142o\u017cy\u0107 o\u015bwiadczenie o&nbsp;dochodach za&nbsp;miesi\u0105c SIERPIE\u0143 2025&nbsp;r. (za\u0142. nr 12)<\/p>\n\n\n\n<p>Wnioski wraz z&nbsp;dokumentami nale\u017cy z\u0142o\u017cy\u0107 osobi\u015bcie w&nbsp;Biurze Pomocy Materialnej dla Student\u00f3w pok. 002 i&nbsp;003 bud. 23 ul.&nbsp;W\u00f3ycickiego 1\/3 lub przes\u0142a\u0107 za&nbsp;po\u015brednictwem Poczty Polskiej.<\/p>\n\n\n\n<p>Wnioski o akademik i o\u015bwiadczenie o dochodach znajduj\u0105 si\u0119 w&nbsp;zak\u0142adce: formularze do&nbsp;pobrania dla student\u00f3w.<\/p>\n\n\n\n<h3 class=\"wp-block-heading\">Informacje o op\u0142atach za akademik w roku akademickim 2025\/2026<\/h3>\n\n\n\n<h4 class=\"wp-block-heading\">Nowe domy studenckie: <\/h4>\n\n\n\n<ol class=\"wp-block-list\">\n<li>miejsce w pokoju jednoosobowym \u2013 896,40 z\u0142 miesi\u0119cznie<\/li>\n\n\n\n<li>miejsce w pokoju dwuosobowym  \u2013 864,00 z\u0142 miesi\u0119cznie<\/li>\n\n\n\n<li>miejsce w pokoju dwuosobowym o podwy\u017cszonym standardzie &#8211; 918,00 z\u0142 miesi\u0119cznie<\/li>\n\n\n\n<li>Kaucja wynosi 300 z\u0142<\/li>\n<\/ol>\n\n\n\n<p><strong>Student kwateruj\u0105cy si\u0119 w domu studenckim musi posiada\u0107 w\u0142asn\u0105 po\u015bciel, ko\u0142dr\u0119 i poduszk\u0119. Przed zawarciem umowy najmu miejsca w pokoju studenckim student jest zobowi\u0105zany zawrze\u0107 umow\u0119 odpowiedzialno\u015bci cywilnej (OC) najemcy za wyposa\u017cenie ruchome pokoju w domu studenckim do kwoty 5\u00a0000 z\u0142. i  przedstawi\u0107 j\u0105 podczas kwaterowania.<\/strong><\/p>\n\n\n\n<p>Studenci zobowi\u0105zani s\u0105 do przestrzegania Regulaminu Dom\u00f3w Studenckich: <a href=\"https:\/\/dpm.uksw.edu.pl\/wp-content\/uploads\/sites\/23\/2025\/09\/regulamin-domow-studenckich-10.pdf\">pobierz<\/a><\/p>\n\n\n\n<p><strong>Harmonogram podpisywania um\u00f3w najmu miejsc w DS na Osiedlu Akademickim \u201ePrzyja\u017a\u0144\u201d:<\/strong> <strong>na rok akademicki 2025\/2026<\/strong><\/p>\n\n\n\n<p>od  25 wrzesie\u0144 do 30 wrze\u015bnia w godzinach 8.30-20.00 \u00a0<\/p>\n\n\n\n<p>Miejscem podpisywania um\u00f3w jest akademik w kt\u00f3rym student otrzyma\u0142 miejsce w pokoju. W dniu podpisania umowy student b\u0119dzie m\u00f3g\u0142 si\u0119 zakwaterowa\u0107 w DS.<\/p>\n\n\n\n<p><strong>Informujemy student\u00f3w, \u017ce Uczelnia nie ponosi odpowiedzialno\u015bci za wymienione akademiki i bursy studenckie oraz nie po\u015bredniczy w rezerwacji miejsc w ni\u017cej wymienionych akademikach.<\/strong><\/p>\n\n\n\n<p><a href=\"https:\/\/studiocampus.pl\/\">www.studiocampus.pl<\/a><\/p>\n\n\n\n<p><a href=\"http:\/\/www.pokojstudenta.waw.pl\" data-type=\"URL\" data-id=\"www.pokojstudenta.waw.pl\">www.pokojstudenta.waw.pl<\/a><\/p>\n\n\n\n<p><a href=\"http:\/\/www.studentdepot.pl\/nasze-akademiki\/akademik-warszawa-wilanowska\/\" data-type=\"URL\" data-id=\"www.studentdepot.pl\/nasze-akademiki\/akademik-warszawa-wilanowska\/\">www.studentdepot.pl\/nasze-akademiki\/akademik-warszawa-wilanowska\/<\/a><\/p>\n\n\n\n<p><a href=\"https:\/\/www.akademikpraski.pl\/cennik\">https:\/\/www.akademikpraski.pl\/cennik<\/a><\/p>\n\n\n\n<p><\/p>\n","protected":false},"excerpt":{"rendered":"<p>Domy studenckie &#8222;Jelonek&#8221;, &#8222;Roga\u015b&#8221; , &#8222;Sarna&#8221; znajduj\u0105 si\u0119 na ul. Konarskiego 3, 01-355 Warszawa Terminy sk\u0142adania wniosk\u00f3w o&nbsp;akademik na&nbsp;rok akademicki 2025\/2026: Studenci II&nbsp;\u2013 VI roku oraz&nbsp;doktoranci II&nbsp;\u2013 IV roku: od&nbsp;2 czerwca do&nbsp;13 czerwca 2025r Do&nbsp;wniosku o&nbsp;akademik nale\u017cy z\u0142o\u017cy\u0107 o\u015bwiadczenie o&nbsp;dochodach za&nbsp;miesi\u0105c MAJ 2025&nbsp;r. ( za\u0142. nr 12) Studenci i&nbsp;doktoranci, kt\u00f3rzy&nbsp;zostan\u0105 przyj\u0119ci na&nbsp;I&nbsp;rok studi\u00f3w w&nbsp;roku akademickim [&hellip;]<\/p>\n","protected":false},"author":7,"featured_media":4384,"parent":0,"menu_order":0,"comment_status":"closed","ping_status":"closed","template":"page-templates\/template-sub-page.php","meta":{"_acf_changed":false,"inline_featured_image":false,"footnotes":"","_links_to":"","_links_to_target":""},"class_list":["post-3362","page","type-page","status-publish","has-post-thumbnail","hentry"],"acf":[],"_links":{"self":[{"href":"https:\/\/dpm.uksw.edu.pl\/pl\/wp-json\/wp\/v2\/pages\/3362","targetHints":{"allow":["GET"]}}],"collection":[{"href":"https:\/\/dpm.uksw.edu.pl\/pl\/wp-json\/wp\/v2\/pages"}],"about":[{"href":"https:\/\/dpm.uksw.edu.pl\/pl\/wp-json\/wp\/v2\/types\/page"}],"author":[{"embeddable":true,"href":"https:\/\/dpm.uksw.edu.pl\/pl\/wp-json\/wp\/v2\/users\/7"}],"replies":[{"embeddable":true,"href":"https:\/\/dpm.uksw.edu.pl\/pl\/wp-json\/wp\/v2\/comments?post=3362"}],"version-history":[{"count":50,"href":"https:\/\/dpm.uksw.edu.pl\/pl\/wp-json\/wp\/v2\/pages\/3362\/revisions"}],"predecessor-version":[{"id":5079,"href":"https:\/\/dpm.uksw.edu.pl\/pl\/wp-json\/wp\/v2\/pages\/3362\/revisions\/5079"}],"wp:featuredmedia":[{"embeddable":true,"href":"https:\/\/dpm.uksw.edu.pl\/pl\/wp-json\/wp\/v2\/media\/4384"}],"wp:attachment":[{"href":"https:\/\/dpm.uksw.edu.pl\/pl\/wp-json\/wp\/v2\/media?parent=3362"}],"curies":[{"name":"wp","href":"https:\/\/api.w.org\/{rel}","templated":true}]}}