{"id":3365,"date":"2022-08-05T10:08:24","date_gmt":"2022-08-05T08:08:24","guid":{"rendered":"https:\/\/jednostki.uksw.edu.pl\/wfch\/?page_id=30"},"modified":"2025-09-02T10:44:35","modified_gmt":"2025-09-02T08:44:35","slug":"formularze-do-pobrania","status":"publish","type":"page","link":"https:\/\/dpm.uksw.edu.pl\/formularze-do-pobrania\/","title":{"rendered":"Formularze do pobrania"},"content":{"rendered":"\n<h2 class=\"wp-block-heading\">Formularze&nbsp;do&nbsp;stypendium socjalnego&nbsp;dla&nbsp;student\u00f3w:<\/h2>\n\n\n\r\n<div class=\"\">\r\n\r\n\r\n<div class=\"row\">\r\n\r\n  \r\n<div class=\"col-xl-12 col-lg-12 col-md-12 col-sm-12 \">\r\n\t\t<div class=\"download_detils\">\r\n\t\t\t<a href=\"https:\/\/dpm.uksw.edu.pl\/wp-content\/uploads\/sites\/23\/2022\/11\/rodo-na-strone.pdf\"  title=\"obowi\u0105zkowe o\u015bwiadczenie na wyra\u017cenie zgody na przetwarzanie danych osobowych wnioskodawcy i cz\u0142onk\u00f3w rodziny\" download >\r\n\t\t\t<img decoding=\"async\" src=\"https:\/\/dpm.uksw.edu.pl\/wp-content\/themes\/uksw\/images\/import.svg\" alt=\"\"> obowi\u0105zkowe o\u015bwiadczenie na wyra\u017cenie zgody na przetwarzanie danych osobowych\nwnioskodawcy i cz\u0142onk\u00f3w rodziny [PDF,  0.18 MB]<\/a>\r\n\t\t<\/div>\r\n<\/div>\r\n\r\n\r\n\t\t\r\n<div class=\"col-xl-12 col-lg-12 col-md-12 col-sm-12 \">\r\n\t\t<div class=\"download_detils\">\r\n\t\t\t<a href=\"https:\/\/dpm.uksw.edu.pl\/wp-content\/uploads\/sites\/23\/2024\/08\/1722863489_zal-10-oswidczenie-o-dochodzie-czlonkow-rodziny.pdf\"  title=\"Za\u0142\u0105cznik Nr 10 \u2013 o\u015bwiadczenie o dochodzie cz\u0142onk\u00f3w rodziny niepodlegaj\u0105cych opodatkowaniu podatkiem dochodowym uzyskanym w roku kalendarzowym poprzedzaj\u0105cym okres \u015bwiadczeniowy dla student\u00f3w;\" download >\r\n\t\t\t<img decoding=\"async\" src=\"https:\/\/dpm.uksw.edu.pl\/wp-content\/themes\/uksw\/images\/import.svg\" alt=\"\"> Za\u0142\u0105cznik Nr 10 \u2013 o\u015bwiadczenie o dochodzie cz\u0142onk\u00f3w rodziny\nniepodlegaj\u0105cych opodatkowaniu podatkiem dochodowym uzyskanym w roku\nkalendarzowym poprzedzaj\u0105cym okres \u015bwiadczeniowy dla student\u00f3w; [PDF,  0.06 MB]<\/a>\r\n\t\t<\/div>\r\n<\/div>\r\n\r\n\r\n\t\t\r\n<div class=\"col-xl-12 col-lg-12 col-md-12 col-sm-12 \">\r\n\t\t<div class=\"download_detils\">\r\n\t\t\t<a href=\"https:\/\/dpm.uksw.edu.pl\/wp-content\/uploads\/sites\/23\/2022\/11\/DZIALALNOSC-GOSP.-1.doc\"  title=\"o\u015bwiadczenie o nieprowadzeniu dzia\u0142alno\u015bci gospodarczej\" download >\r\n\t\t\t<img decoding=\"async\" src=\"https:\/\/dpm.uksw.edu.pl\/wp-content\/themes\/uksw\/images\/import.svg\" alt=\"\"> o\u015bwiadczenie o nieprowadzeniu dzia\u0142alno\u015bci gospodarczej [DOC,  0.03 MB]<\/a>\r\n\t\t<\/div>\r\n<\/div>\r\n\r\n\r\n\t\t\r\n<div class=\"col-xl-12 col-lg-12 col-md-12 col-sm-12 \">\r\n\t\t<div class=\"download_detils\">\r\n\t\t\t<a href=\"https:\/\/dpm.uksw.edu.pl\/wp-content\/uploads\/sites\/23\/2022\/11\/zal_7_2019_przel_doch_st-1.pdf\"  title=\"za\u0142\u0105cznik nr 7 \u2013 wniosek o ponowne przeliczenie dochodu\" download >\r\n\t\t\t<img decoding=\"async\" src=\"https:\/\/dpm.uksw.edu.pl\/wp-content\/themes\/uksw\/images\/import.svg\" alt=\"\"> za\u0142\u0105cznik nr 7 \u2013 wniosek o ponowne przeliczenie dochodu [PDF,  0.51 MB]<\/a>\r\n\t\t<\/div>\r\n<\/div>\r\n\r\n\r\n\t\t\r\n<div class=\"col-xl-12 col-lg-12 col-md-12 col-sm-12 \">\r\n\t\t<div class=\"download_detils\">\r\n\t\t\t<a href=\"https:\/\/dpm.uksw.edu.pl\/wp-content\/uploads\/sites\/23\/2024\/08\/oswiadczenie-o-nieprowadzeniu-wspolnego-gospodarstwa-domowego-z-zadnym-z-rodzicow-opiekunow-prawnych-lub-faktycznych.pdf\"  title=\"o\u015bwiadczenie o nieprowadzeniu gospodarstwa domowego z \u017cadnym z rodzic\u00f3w, opiekun\u00f3w prawnych lub faktycznych\" download >\r\n\t\t\t<img decoding=\"async\" src=\"https:\/\/dpm.uksw.edu.pl\/wp-content\/themes\/uksw\/images\/import.svg\" alt=\"\"> o\u015bwiadczenie o nieprowadzeniu gospodarstwa domowego z \u017cadnym z rodzic\u00f3w,\nopiekun\u00f3w prawnych lub faktycznych [PDF,  0.09 MB]<\/a>\r\n\t\t<\/div>\r\n<\/div>\r\n\r\n\r\n\t\t\r\n\t\t \r\n\r\n<\/div>\r\n<\/div>\r\n<div class=\"space20\"><\/div>\r\n\r\n\n\n\n<h2 class=\"wp-block-heading\">Formularze o przyznanie stypendium rektora dla najlepszych student\u00f3w:<\/h2>\n\n\n\r\n<div class=\"\">\r\n\r\n\r\n<div class=\"row\">\r\n\r\n  \r\n<div class=\"col-xl-12 col-lg-12 col-md-12 col-sm-12 \">\r\n\t\t<div class=\"download_detils\">\r\n\t\t\t<a href=\"https:\/\/dpm.uksw.edu.pl\/wp-content\/uploads\/sites\/23\/2024\/08\/1722863443_zal-8-do-reg-wykaz-osiagniec-studenta.pdf\"  title=\"za\u0142\u0105cznik nr 8 \u2013 wykaz osi\u0105gni\u0119\u0107 studenta wraz z punktacj\u0105\" download >\r\n\t\t\t<img decoding=\"async\" src=\"https:\/\/dpm.uksw.edu.pl\/wp-content\/themes\/uksw\/images\/import.svg\" alt=\"\"> za\u0142\u0105cznik nr 8 \u2013 wykaz osi\u0105gni\u0119\u0107 studenta wraz z punktacj\u0105 [PDF,  0.11 MB]<\/a>\r\n\t\t<\/div>\r\n<\/div>\r\n\r\n\r\n\t\t\r\n<div class=\"col-xl-12 col-lg-12 col-md-12 col-sm-12 \">\r\n\t\t<div class=\"download_detils\">\r\n\t\t\t<a href=\"https:\/\/dpm.uksw.edu.pl\/wp-content\/uploads\/sites\/23\/2024\/08\/1722863489_zal-11-wzor-zaswiadczenia-za-dzialaolnosc-w-kole-naukowym.pdf\"  title=\"za\u0142\u0105cznik nr 11\u2013 wz\u00f3r za\u015bwiadczenia za dzia\u0142alno\u015b\u0107 w kole naukowym lub aktywno\u015b\u0107 w samorz\u0105dzie student\u00f3w lub dzia\u0142alno\u015b\u0107 spo\u0142eczn\u0105\" download >\r\n\t\t\t<img decoding=\"async\" src=\"https:\/\/dpm.uksw.edu.pl\/wp-content\/themes\/uksw\/images\/import.svg\" alt=\"\"> za\u0142\u0105cznik nr 11\u2013 wz\u00f3r za\u015bwiadczenia za dzia\u0142alno\u015b\u0107 w kole naukowym lub\naktywno\u015b\u0107 w samorz\u0105dzie student\u00f3w lub dzia\u0142alno\u015b\u0107 spo\u0142eczn\u0105 [PDF,  0.04 MB]<\/a>\r\n\t\t<\/div>\r\n<\/div>\r\n\r\n\r\n\t\t\r\n<div class=\"col-xl-12 col-lg-12 col-md-12 col-sm-12 \">\r\n\t\t<div class=\"download_detils\">\r\n\t\t\t<a href=\"https:\/\/dpm.uksw.edu.pl\/wp-content\/uploads\/sites\/23\/2024\/08\/1722863490_zal-13-wzor-zaswiadczenie-konferencje.pdf\"  title=\"za\u0142. nr 13- wz\u00f3r za\u015bwiadczenia za aktywny udzia\u0142 w konferencjach\" download >\r\n\t\t\t<img decoding=\"async\" src=\"https:\/\/dpm.uksw.edu.pl\/wp-content\/themes\/uksw\/images\/import.svg\" alt=\"\"> za\u0142. nr 13- wz\u00f3r za\u015bwiadczenia za aktywny udzia\u0142 w konferencjach [PDF,  0.04 MB]<\/a>\r\n\t\t<\/div>\r\n<\/div>\r\n\r\n\r\n\t\t\r\n\t\t \r\n\r\n<\/div>\r\n<\/div>\r\n<div class=\"space20\"><\/div>\r\n\r\n\n\n\n<h2 class=\"wp-block-heading\"><\/h2>\n\n\n\n<h2 class=\"wp-block-heading\">Formularz o przyznanie zapomogi dla student\u00f3w:<\/h2>\n\n\n\r\n<div class=\"\">\r\n\r\n\r\n<div class=\"row\">\r\n\r\n  \r\n<div class=\"col-xl-12 col-lg-12 col-md-12 col-sm-12 \">\r\n\t\t<div class=\"download_detils\">\r\n\t\t\t<a href=\"https:\/\/dpm.uksw.edu.pl\/wp-content\/uploads\/sites\/23\/2022\/11\/rodo-na-strone-1.pdf\"  title=\"obowi\u0105zkowe o\u015bwiadczenie na wyra\u017cenie zgody na przetwarzanie danych osobowych wnioskodawcy i cz\u0142onk\u00f3w rodziny\" download >\r\n\t\t\t<img decoding=\"async\" src=\"https:\/\/dpm.uksw.edu.pl\/wp-content\/themes\/uksw\/images\/import.svg\" alt=\"\"> obowi\u0105zkowe o\u015bwiadczenie na wyra\u017cenie zgody na przetwarzanie danych osobowych\nwnioskodawcy i cz\u0142onk\u00f3w rodziny [PDF,  0.18 MB]<\/a>\r\n\t\t<\/div>\r\n<\/div>\r\n\r\n\r\n\t\t\r\n\t\t \r\n\r\n<\/div>\r\n<\/div>\r\n<div class=\"space20\"><\/div>\r\n\r\n\n\n\n<h2 class=\"wp-block-heading\">Formularz o przelewanie stypendium na konto:<\/h2>\n\n\n\r\n<div class=\"\">\r\n\r\n\r\n<div class=\"row\">\r\n\r\n  \r\n<div class=\"col-xl-12 col-lg-12 col-md-12 col-sm-12 \">\r\n\t\t<div class=\"download_detils\">\r\n\t\t\t<a href=\"https:\/\/dpm.uksw.edu.pl\/wp-content\/uploads\/sites\/23\/2022\/11\/WNIOSEK-O-PRZELEWANIE-STYPENDIUM-NA-KONTO-3.pdf\"  title=\"wniosek o przelewanie stypendium na konto\" download >\r\n\t\t\t<img decoding=\"async\" src=\"https:\/\/dpm.uksw.edu.pl\/wp-content\/themes\/uksw\/images\/import.svg\" alt=\"\"> wniosek o przelewanie stypendium na konto [PDF,  0.06 MB]<\/a>\r\n\t\t<\/div>\r\n<\/div>\r\n\r\n\r\n\t\t\r\n\t\t \r\n\r\n<\/div>\r\n<\/div>\r\n<div class=\"space20\"><\/div>\r\n\r\n\n\n\n<h2 class=\"wp-block-heading\">Formularze o przyznanie miejsca w domu akademickim dla student\u00f3w i doktorant\u00f3w<\/h2>\n\n\n\r\n<div class=\"\">\r\n\r\n\r\n<div class=\"row\">\r\n\r\n  \r\n<div class=\"col-xl-12 col-lg-12 col-md-12 col-sm-12 \">\r\n\t\t<div class=\"download_detils\">\r\n\t\t\t<a href=\"https:\/\/dpm.uksw.edu.pl\/wp-content\/uploads\/sites\/23\/2025\/09\/zal-nr-6-wniosek_o_akademik-1-1.docx\"  title=\"za\u0142\u0105cznik nr 6 \u2013 wniosek o przyznanie miejsca w akademiku\" download >\r\n\t\t\t<img decoding=\"async\" src=\"https:\/\/dpm.uksw.edu.pl\/wp-content\/themes\/uksw\/images\/import.svg\" alt=\"\"> za\u0142\u0105cznik nr 6 \u2013 wniosek o przyznanie miejsca w akademiku [DOCX,  0.03 MB]<\/a>\r\n\t\t<\/div>\r\n<\/div>\r\n\r\n\r\n\t\t\r\n<div class=\"col-xl-12 col-lg-12 col-md-12 col-sm-12 \">\r\n\t\t<div class=\"download_detils\">\r\n\t\t\t<a href=\"https:\/\/dpm.uksw.edu.pl\/wp-content\/uploads\/sites\/23\/2024\/08\/oswiadczenie-o-nieprowadzeniu-wspolnego-gospodarstwa-domowego-z-zadnym-z-rodzicow-opiekunow-prawnych-lub-faktycznych.pdf\"  title=\"o\u015bwiadczenie o nieprowadzeniu gospodarstwa domowego z \u017cadnym z rodzic\u00f3w\" download >\r\n\t\t\t<img decoding=\"async\" src=\"https:\/\/dpm.uksw.edu.pl\/wp-content\/themes\/uksw\/images\/import.svg\" alt=\"\"> o\u015bwiadczenie o nieprowadzeniu gospodarstwa domowego z \u017cadnym z rodzic\u00f3w [PDF,  0.09 MB]<\/a>\r\n\t\t<\/div>\r\n<\/div>\r\n\r\n\r\n\t\t\r\n<div class=\"col-xl-12 col-lg-12 col-md-12 col-sm-12 \">\r\n\t\t<div class=\"download_detils\">\r\n\t\t\t<a href=\"https:\/\/dpm.uksw.edu.pl\/wp-content\/uploads\/sites\/23\/2025\/05\/zal-12-oswiadczenie-o-dochodach-miejsce-w-domu-studenckim1.pdf\"  title=\"za\u0142\u0105cznik nr 12- o\u015bwiadczenie o dochodach (miejsce w domu studenckim)\" download >\r\n\t\t\t<img decoding=\"async\" src=\"https:\/\/dpm.uksw.edu.pl\/wp-content\/themes\/uksw\/images\/import.svg\" alt=\"\"> za\u0142\u0105cznik nr 12- o\u015bwiadczenie o dochodach (miejsce w domu studenckim) [PDF,  0.06 MB]<\/a>\r\n\t\t<\/div>\r\n<\/div>\r\n\r\n\r\n\t\t\r\n\t\t \r\n\r\n<\/div>\r\n<\/div>\r\n<div class=\"space20\"><\/div>\r\n\r\n\n\n\n<h2 class=\"wp-block-heading\"><\/h2>\n","protected":false},"excerpt":{"rendered":"<p>Formularze&nbsp;do&nbsp;stypendium socjalnego&nbsp;dla&nbsp;student\u00f3w: Formularze o przyznanie stypendium rektora dla najlepszych student\u00f3w: Formularz o przyznanie zapomogi dla student\u00f3w: Formularz o przelewanie stypendium na konto: Formularze o przyznanie miejsca w domu akademickim dla student\u00f3w i doktorant\u00f3w<\/p>\n","protected":false},"author":7,"featured_media":4394,"parent":0,"menu_order":0,"comment_status":"closed","ping_status":"closed","template":"page-templates\/template-sub-page.php","meta":{"_acf_changed":false,"inline_featured_image":false,"footnotes":"","_links_to":"","_links_to_target":""},"class_list":["post-3365","page","type-page","status-publish","has-post-thumbnail","hentry"],"acf":[],"_links":{"self":[{"href":"https:\/\/dpm.uksw.edu.pl\/pl\/wp-json\/wp\/v2\/pages\/3365","targetHints":{"allow":["GET"]}}],"collection":[{"href":"https:\/\/dpm.uksw.edu.pl\/pl\/wp-json\/wp\/v2\/pages"}],"about":[{"href":"https:\/\/dpm.uksw.edu.pl\/pl\/wp-json\/wp\/v2\/types\/page"}],"author":[{"embeddable":true,"href":"https:\/\/dpm.uksw.edu.pl\/pl\/wp-json\/wp\/v2\/users\/7"}],"replies":[{"embeddable":true,"href":"https:\/\/dpm.uksw.edu.pl\/pl\/wp-json\/wp\/v2\/comments?post=3365"}],"version-history":[{"count":36,"href":"https:\/\/dpm.uksw.edu.pl\/pl\/wp-json\/wp\/v2\/pages\/3365\/revisions"}],"predecessor-version":[{"id":5039,"href":"https:\/\/dpm.uksw.edu.pl\/pl\/wp-json\/wp\/v2\/pages\/3365\/revisions\/5039"}],"wp:featuredmedia":[{"embeddable":true,"href":"https:\/\/dpm.uksw.edu.pl\/pl\/wp-json\/wp\/v2\/media\/4394"}],"wp:attachment":[{"href":"https:\/\/dpm.uksw.edu.pl\/pl\/wp-json\/wp\/v2\/media?parent=3365"}],"curies":[{"name":"wp","href":"https:\/\/api.w.org\/{rel}","templated":true}]}}