{"id":3668,"date":"2022-10-14T15:06:07","date_gmt":"2022-10-14T13:06:07","guid":{"rendered":"https:\/\/jednostki.uksw.edu.pl\/bbn\/badania-naukowe\/"},"modified":"2025-03-13T11:20:31","modified_gmt":"2025-03-13T10:20:31","slug":"o-nas","status":"publish","type":"page","link":"https:\/\/dpm.uksw.edu.pl\/o-nas\/","title":{"rendered":"O nas"},"content":{"rendered":"\n<h2 class=\"wp-block-heading\">Zadania Biura Pomocy Materialnej dla Student\u00f3w:<\/h2>\n\n\n\n<ul class=\"wp-block-list\">\n<li>obs\u0142uga student\u00f3w w zakresie \u015bwiadcze\u0144 stypendialnych,<\/li>\n\n\n\n<li>prowadzenie dokumentacji zwi\u0105zanej z przydzieleniem&nbsp; \u015bwiadcze\u0144 stypendialnych w ramach Funduszu Stypendialnego dla student\u00f3w<\/li>\n\n\n\n<li>prowadzenie dokumentacji zwi\u0105zanej z przyznawaniem studentom i doktorantom miejsc w domach studenckich<\/li>\n\n\n\n<li>sporz\u0105dzanie list wyp\u0142at stypendi\u00f3w studentom studi\u00f3w stacjonarnych i niestacjonarnych,<\/li>\n\n\n\n<li>sporz\u0105dzanie list wyp\u0142at stypendium NAWA (Rz\u0105du RP) oraz stypendium Ministra,<\/li>\n\n\n\n<li>przyjmowanie zg\u0142osze\u0144 oraz wyrejestrowa\u0144 student\u00f3w dotycz\u0105cych ubezpieczenia zdrowotnego,<\/li>\n\n\n\n<li>sporz\u0105dzanie analiz i sprawozda\u0144 dla potrzeb Uniwersytetu, MEIN oraz GUS-u,<\/li>\n\n\n\n<li>wsp\u00f3\u0142praca z Samorz\u0105dem Studenckim, wsp\u00f3\u0142praca z Samorz\u0105dem Doktoranckim, komisjami studenckimi oraz kwestur\u0105.<\/li>\n<\/ul>\n\n\n\n<figure class=\"wp-block-image size-large is-resized\"><img decoding=\"async\" width=\"1024\" height=\"682\" src=\"https:\/\/dpm.uksw.edu.pl\/wp-content\/uploads\/sites\/23\/2022\/11\/Fotolia_40148187_Subscription_Monthly_M-1024x682.jpg\" alt=\"Ludzie pokazuj\u0105cy kciuk do g\u00f3ry\" class=\"wp-image-3819\" style=\"width:768px;height:512px\" srcset=\"https:\/\/dpm.uksw.edu.pl\/wp-content\/uploads\/sites\/23\/2022\/11\/Fotolia_40148187_Subscription_Monthly_M-1024x682.jpg 1024w, https:\/\/dpm.uksw.edu.pl\/wp-content\/uploads\/sites\/23\/2022\/11\/Fotolia_40148187_Subscription_Monthly_M-300x200.jpg 300w, https:\/\/dpm.uksw.edu.pl\/wp-content\/uploads\/sites\/23\/2022\/11\/Fotolia_40148187_Subscription_Monthly_M-768x512.jpg 768w, https:\/\/dpm.uksw.edu.pl\/wp-content\/uploads\/sites\/23\/2022\/11\/Fotolia_40148187_Subscription_Monthly_M-1536x1024.jpg 1536w, https:\/\/dpm.uksw.edu.pl\/wp-content\/uploads\/sites\/23\/2022\/11\/Fotolia_40148187_Subscription_Monthly_M-251x168.jpg 251w, https:\/\/dpm.uksw.edu.pl\/wp-content\/uploads\/sites\/23\/2022\/11\/Fotolia_40148187_Subscription_Monthly_M-343x229.jpg 343w, https:\/\/dpm.uksw.edu.pl\/wp-content\/uploads\/sites\/23\/2022\/11\/Fotolia_40148187_Subscription_Monthly_M-526x351.jpg 526w, https:\/\/dpm.uksw.edu.pl\/wp-content\/uploads\/sites\/23\/2022\/11\/Fotolia_40148187_Subscription_Monthly_M-423x283.jpg 423w, https:\/\/dpm.uksw.edu.pl\/wp-content\/uploads\/sites\/23\/2022\/11\/Fotolia_40148187_Subscription_Monthly_M.jpg 1688w\" sizes=\"(max-width: 1024px) 100vw, 1024px\" \/><\/figure>\n","protected":false},"excerpt":{"rendered":"<p>Zadania Biura Pomocy Materialnej dla Student\u00f3w:<\/p>\n","protected":false},"author":7,"featured_media":4377,"parent":0,"menu_order":1,"comment_status":"closed","ping_status":"closed","template":"page-templates\/template-sub-page.php","meta":{"_acf_changed":false,"inline_featured_image":false,"footnotes":"","_links_to":"","_links_to_target":""},"class_list":["post-3668","page","type-page","status-publish","has-post-thumbnail","hentry"],"acf":[],"_links":{"self":[{"href":"https:\/\/dpm.uksw.edu.pl\/pl\/wp-json\/wp\/v2\/pages\/3668","targetHints":{"allow":["GET"]}}],"collection":[{"href":"https:\/\/dpm.uksw.edu.pl\/pl\/wp-json\/wp\/v2\/pages"}],"about":[{"href":"https:\/\/dpm.uksw.edu.pl\/pl\/wp-json\/wp\/v2\/types\/page"}],"author":[{"embeddable":true,"href":"https:\/\/dpm.uksw.edu.pl\/pl\/wp-json\/wp\/v2\/users\/7"}],"replies":[{"embeddable":true,"href":"https:\/\/dpm.uksw.edu.pl\/pl\/wp-json\/wp\/v2\/comments?post=3668"}],"version-history":[{"count":23,"href":"https:\/\/dpm.uksw.edu.pl\/pl\/wp-json\/wp\/v2\/pages\/3668\/revisions"}],"predecessor-version":[{"id":4971,"href":"https:\/\/dpm.uksw.edu.pl\/pl\/wp-json\/wp\/v2\/pages\/3668\/revisions\/4971"}],"wp:featuredmedia":[{"embeddable":true,"href":"https:\/\/dpm.uksw.edu.pl\/pl\/wp-json\/wp\/v2\/media\/4377"}],"wp:attachment":[{"href":"https:\/\/dpm.uksw.edu.pl\/pl\/wp-json\/wp\/v2\/media?parent=3668"}],"curies":[{"name":"wp","href":"https:\/\/api.w.org\/{rel}","templated":true}]}}