{"id":3712,"date":"2022-10-17T12:48:48","date_gmt":"2022-10-17T10:48:48","guid":{"rendered":"https:\/\/jednostki.uksw.edu.pl\/bon\/?page_id=3712"},"modified":"2025-05-19T12:12:49","modified_gmt":"2025-05-19T10:12:49","slug":"ubezpieczenie-zdrowotne","status":"publish","type":"page","link":"https:\/\/dpm.uksw.edu.pl\/ubezpieczenie-zdrowotne\/","title":{"rendered":"Ubezpieczenie zdrowotne"},"content":{"rendered":"\n<h3 class=\"wp-block-heading\">Kto mo\u017ce zg\u0142osi\u0107 studenta do ubezpieczenia?<\/h3>\n\n\n\n<ul class=\"wp-block-list\">\n<li><strong>do 26 roku \u017cycia<\/strong>&nbsp;\u2013 rodzice lub opiekunowie prawni, dziadkowie \u2013 jako cz\u0142onka rodzinny.<\/li>\n\n\n\n<li><strong>po uko\u0144czeniu 26 lat<\/strong>, je\u015bli nie jest si\u0119 obj\u0119tym ubezpieczeniem z innego tytu\u0142u \u2013 szko\u0142a, szko\u0142a wy\u017csza albo jednostka prowadz\u0105ca studia doktoranckie \u2013 pod warunkiem, \u017ce student uczy si\u0119 na terenie RP, nie jest cz\u0142onkiem rodziny osoby ubezpieczonej i z\u0142o\u017cy o\u015bwiadczenie, \u017ce nie podlega obowi\u0105zkowemu ubezpieczeniu zdrowotnemu.<\/li>\n<\/ul>\n\n\n\n<p><strong>Je\u017celi student uko\u0144czy\u0142 studia lub zosta\u0142 skre\u015blony z listy student\u00f3w, a jeszcze nie pracuje i nie zosta\u0142 zg\u0142oszony do ubezpieczenia, <\/strong>prawo do \u015bwiadcze\u0144 opieki zdrowotnej w ramach NFZ przys\u0142uguje jeszcze przez 4 miesi\u0105ce.<\/p>\n\n\n\n<p><strong>Prawo do \u015bwiadcze\u0144 opieki zdrowotnej&nbsp; dla doktorant\u00f3w wygasa 30 dni po uko\u0144czeniu studi\u00f3w doktoranckich.<\/strong><\/p>\n\n\n\n<p>Je\u015bli \u017caden z rodzic\u00f3w nie podlega obowi\u0105zkowi ubezpieczenia zdrowotnego w Polsce albo innym kraju UE lub nie jest osob\u0105 uprawnion\u0105 do \u015bwiadcze\u0144 opieki zdrowotnej na podstawie innych przepis\u00f3w prawa, do ubezpieczenia zdrowotnego mog\u0105 zg\u0142osi\u0107 tak\u017ce ubezpieczeni w Polsce babcia albo dziadek.<\/p>\n\n\n\n<p><strong>KOD TYTU\u0141U UBEZPIECZENIA &#8211; 181100<\/strong><\/p>\n\n\n\n<h3 class=\"wp-block-heading\">Kto jest cz\u0142onkiem rodziny osoby ubezpieczonej?<\/h3>\n\n\n\n<ul class=\"wp-block-list\">\n<li><strong>Dziecko<\/strong>&nbsp;\u2013 w\u0142asne, dziecko ma\u0142\u017conka, dziecko przysposobione, wnuk albo dziecko obce, dla kt\u00f3rego ustanowiono opiek\u0119, albo dziecko obce w ramach rodziny zast\u0119pczej, do uko\u0144czenia przez nie 18 lat, a je\u017celi kszta\u0142ci si\u0119 dalej &#8211; do uko\u0144czenia 26 lat, je\u017celi za\u015b posiada orzeczenie o znacznym stopniu niepe\u0142nosprawno\u015bci lub inne traktowane na r\u00f3wni &#8211; bez ograniczenia wieku.<\/li>\n\n\n\n<li><strong>Ma\u0142\u017conek<\/strong>&nbsp;\u2013 je\u015bli nie ma w\u0142asnego tytu\u0142u do ubezpieczenia zdrowotnego.<\/li>\n\n\n\n<li><strong>Rodzice, dziadkowie<\/strong>&nbsp;(tzw. wst\u0119pni) \u2013 je\u015bli nie maj\u0105 w\u0142asnego tytu\u0142u do ubezpieczenia zdrowotnego i pozostaj\u0105 z ubezpieczonym we wsp\u00f3lnym gospodarstwie domowym.<\/li>\n<\/ul>\n\n\n\n<p><strong>Studenci\/doktoranci, kt\u00f3rzy uko\u0144czyli 26. rok \u017cycia, nie pracuj\u0105 i nie posiadaj\u0105 \u017cadnego innego tytu\u0142u do ubezpieczenia, mog\u0105 zosta\u0107 ubezpieczeni przez uczelni\u0119.<\/strong><\/p>\n\n\n\n<p>W tym celu nale\u017cy zg\u0142osi\u0107 si\u0119 do Dzia\u0142u Pomocy Materialnej (pok. 003). Wymagane dokumenty:<\/p>\n\n\n\n<ul class=\"wp-block-list\">\n<li>dow\u00f3d osobisty \u2013 do wgl\u0105du,<\/li>\n\n\n\n<li>druk zg\u0142oszenia do ubezpieczenia zdrowotnego&nbsp; ZZA \u2013 do pobrania na dole strony,<\/li>\n\n\n\n<li>obowi\u0105zkowe o\u015bwiadczenie studenta&nbsp; \u2013 do pobrania na dole strony,<\/li>\n\n\n\n<li>za\u015bwiadczenie z dziekanatu potwierdzaj\u0105ce status studenta\/doktoranta.<\/li>\n<\/ul>\n\n\n\n<p>Student\/doktorant zg\u0142oszony do ubezpieczenia zdrowotnego przez Uczelni\u0119 ma obowi\u0105zek powiadomi\u0107 Dzia\u0142 Pomocy Materialnej dla Student\u00f3w UKSW&nbsp;<strong>w ci\u0105gu siedmiu dni<\/strong>&nbsp;o utracie uprawnie\u0144 do ubezpieczenia z tytu\u0142u:<\/p>\n\n\n\n<ul class=\"wp-block-list\">\n<li>podj\u0119cia pracy<\/li>\n\n\n\n<li>uko\u0144czenia studi\u00f3w<\/li>\n\n\n\n<li>obrony pracy magisterskiej<\/li>\n\n\n\n<li>skre\u015blenia z listy student\u00f3w<\/li>\n\n\n\n<li>zmiany stanu cywilnego (ubezpieczenia przez ma\u0142\u017conka)<\/li>\n<\/ul>\n\n\n\n<p>oraz do informacji o zmianie danych personalnych, tj. zmiany imienia, nazwiska, adresu, wymiany dokumentu.<\/p>\n\n\n\n<h2 class=\"wp-block-heading\">Ubezpieczenie zdrowotne cudzoziemc\u00f3w<\/h2>\n\n\n\n<p>Studenci nie b\u0119d\u0105cy obywatelami polskimi ani obywatelami pa\u0144stw Unii Europejskiej, posiadaj\u0105cy polskie pochodzenie lub wa\u017cn\u0105 Kart\u0119 Polaka mog\u0105 zosta\u0107 ubezpieczeni przez uczelni\u0119 pod warunkiem dostarczenia odpowiednich dokument\u00f3w.<\/p>\n\n\n\n<p>Wymagane dokumenty:<\/p>\n\n\n\n<ul class=\"wp-block-list\">\n<li>aktualny paszport (ksero),<\/li>\n\n\n\n<li>za\u015bwiadczenie o polskim pochodzeniu lub ksero wa\u017cnej Karty Polaka,<\/li>\n\n\n\n<li>za\u015bwiadczenie z dziekanatu potwierdzaj\u0105ce status studenta\/doktoranta,<\/li>\n\n\n\n<li>druk zg\u0142oszenia do ubezpieczenia zdrowotnego&nbsp; ZZA,<\/li>\n\n\n\n<li>obowi\u0105zkowe o\u015bwiadczenie studenta,<\/li>\n\n\n\n<li>numer PESEL (je\u017celi jest nadany i ksero dokumentu).<\/li>\n<\/ul>\n\n\n\n<p>Student\/doktorant, zg\u0142oszony do ubezpieczenia zdrowotnego przez Uczelni\u0119, ma obowi\u0105zek powiadomi\u0107 Dzia\u0142 Pomocy Materialnej dla Student\u00f3w UKSW&nbsp;<strong>w ci\u0105gu siedmiu dni<\/strong>&nbsp;o utracie uprawnie\u0144 do ubezpieczenia z tytu\u0142u:<\/p>\n\n\n\n<ul class=\"wp-block-list\">\n<li>podj\u0119cia pracy<\/li>\n\n\n\n<li>uko\u0144czenia studi\u00f3w<\/li>\n\n\n\n<li>obrony pracy magisterskiej<\/li>\n\n\n\n<li>skre\u015blenia z listy student\u00f3w<\/li>\n\n\n\n<li>zmiany stanu cywilnego (ubezpieczenie przez ma\u0142\u017conka)<\/li>\n<\/ul>\n\n\n\n<p>oraz  informacji o zmianie danych personalnych, tj. zamiany imienia, nazwiska, adresu, wymiany dokumentu.<\/p>\n\n\n\n<p><\/p>\n\n\n\r\n<div class=\"\">\r\n\r\n\r\n<div class=\"row\">\r\n\r\n  \r\n<div class=\"col-xl-12 col-lg-12 col-md-12 col-sm-12 \">\r\n\t\t<div class=\"download_detils\">\r\n\t\t\t<a href=\"https:\/\/dpm.uksw.edu.pl\/wp-content\/uploads\/sites\/23\/2022\/11\/zza1.pdf\"  target=\"_blank\" >\r\n\t\t\t<img decoding=\"async\" src=\"https:\/\/dpm.uksw.edu.pl\/wp-content\/themes\/uksw\/images\/import.svg\" alt=\"\"> Zg\u0142oszenie do ubezpieczenia zdrowotnego\/zg\u0142oszenie zmiany danych [PDF,  0.39 MB]<\/a>\r\n\t\t<\/div>\r\n<\/div>\r\n\r\n\r\n\t\t\r\n<div class=\"col-xl-12 col-lg-12 col-md-12 col-sm-12 \">\r\n\t\t<div class=\"download_detils\">\r\n\t\t\t<a href=\"https:\/\/dpm.uksw.edu.pl\/wp-content\/uploads\/sites\/23\/2022\/11\/zza-polak.pdf\"  target=\"_blank\" >\r\n\t\t\t<img decoding=\"async\" src=\"https:\/\/dpm.uksw.edu.pl\/wp-content\/themes\/uksw\/images\/import.svg\" alt=\"\"> przyk\u0142adowy wz\u00f3r dla student\u00f3w i doktorant\u00f3w  [PDF,  0.16 MB]<\/a>\r\n\t\t<\/div>\r\n<\/div>\r\n\r\n\r\n\t\t\r\n<div class=\"col-xl-12 col-lg-12 col-md-12 col-sm-12 \">\r\n\t\t<div class=\"download_detils\">\r\n\t\t\t<a href=\"https:\/\/dpm.uksw.edu.pl\/wp-content\/uploads\/sites\/23\/2022\/11\/zwua1.pdf\"  target=\"_blank\" >\r\n\t\t\t<img decoding=\"async\" src=\"https:\/\/dpm.uksw.edu.pl\/wp-content\/themes\/uksw\/images\/import.svg\" alt=\"\"> Wyrejestrowanie z ubezpiecze\u0144\u00a0\u2013\u00a0ZUS ZWUA [PDF,  0.19 MB]<\/a>\r\n\t\t<\/div>\r\n<\/div>\r\n\r\n\r\n\t\t\r\n<div class=\"col-xl-12 col-lg-12 col-md-12 col-sm-12 \">\r\n\t\t<div class=\"download_detils\">\r\n\t\t\t<a href=\"https:\/\/dpm.uksw.edu.pl\/wp-content\/uploads\/sites\/23\/2022\/11\/zwua-polak1.pdf\"  target=\"_blank\" >\r\n\t\t\t<img decoding=\"async\" src=\"https:\/\/dpm.uksw.edu.pl\/wp-content\/themes\/uksw\/images\/import.svg\" alt=\"\"> przyk\u0142adowy\u00a0wz\u00f3r dla student\u00f3w i doktorant\u00f3w &#8211; ZWUA [PDF,  0.07 MB]<\/a>\r\n\t\t<\/div>\r\n<\/div>\r\n\r\n\r\n\t\t\r\n<div class=\"col-xl-12 col-lg-12 col-md-12 col-sm-12 \">\r\n\t\t<div class=\"download_detils\">\r\n\t\t\t<a href=\"https:\/\/dpm.uksw.edu.pl\/wp-content\/uploads\/sites\/23\/2022\/11\/oswiadczenie-do-ZUS11.pdf\"  target=\"_blank\" >\r\n\t\t\t<img decoding=\"async\" src=\"https:\/\/dpm.uksw.edu.pl\/wp-content\/themes\/uksw\/images\/import.svg\" alt=\"\"> Obowi\u0105zkowe o\u015bwiadczenie studenta [PDF,  0.30 MB]<\/a>\r\n\t\t<\/div>\r\n<\/div>\r\n\r\n\r\n\t\t\r\n<div class=\"col-xl-12 col-lg-12 col-md-12 col-sm-12 \">\r\n\t\t<div class=\"download_detils\">\r\n\t\t\t<a href=\"https:\/\/dpm.uksw.edu.pl\/wp-content\/uploads\/sites\/23\/2022\/11\/zcna-11.pdf\"  target=\"_blank\" >\r\n\t\t\t<img decoding=\"async\" src=\"https:\/\/dpm.uksw.edu.pl\/wp-content\/themes\/uksw\/images\/import.svg\" alt=\"\"> Zg\u0142oszenie danych o cz\u0142onkach rodziny dla cel\u00f3w ubezpieczenia\nzdrowotnego\u00a0\u2013\u00a0ZUS ZCNA [PDF,  0.49 MB]<\/a>\r\n\t\t<\/div>\r\n<\/div>\r\n\r\n\r\n\t\t\r\n\t\t \r\n\r\n<\/div>\r\n<\/div>\r\n<div class=\"space20\"><\/div>\r\n\r\n\n\n\n<p><strong>Kontakt do osoby zajmuj\u0105cej si\u0119 ubezpieczeniem zdrowotnym dla student\u00f3w i doktorant\u00f3w: <a href=\"mailto:p.pietrzak@uksw.edu.pl\">p.pietrzak@uksw.edu.pl<\/a><\/strong><\/p>\n\n\n\n<p>\u0179r\u00f3d\u0142o: <a href=\"https:\/\/www.nfz.gov.pl\/ewus\" data-type=\"URL\" data-id=\"https:\/\/www.nfz.gov.pl\/ewus\">www.nfz.gov.pl\/ewus<\/a><\/p>\n","protected":false},"excerpt":{"rendered":"<p>Kto mo\u017ce zg\u0142osi\u0107 studenta do ubezpieczenia? Je\u017celi student uko\u0144czy\u0142 studia lub zosta\u0142 skre\u015blony z listy student\u00f3w, a jeszcze nie pracuje i nie zosta\u0142 zg\u0142oszony do ubezpieczenia, prawo do \u015bwiadcze\u0144 opieki zdrowotnej w ramach NFZ przys\u0142uguje jeszcze przez 4 miesi\u0105ce. Prawo do \u015bwiadcze\u0144 opieki zdrowotnej&nbsp; dla doktorant\u00f3w wygasa 30 dni po uko\u0144czeniu studi\u00f3w doktoranckich. Je\u015bli \u017caden [&hellip;]<\/p>\n","protected":false},"author":7,"featured_media":4388,"parent":0,"menu_order":1,"comment_status":"closed","ping_status":"closed","template":"page-templates\/template-sub-page.php","meta":{"_acf_changed":false,"inline_featured_image":false,"footnotes":"","_links_to":"","_links_to_target":""},"class_list":["post-3712","page","type-page","status-publish","has-post-thumbnail","hentry"],"acf":[],"_links":{"self":[{"href":"https:\/\/dpm.uksw.edu.pl\/pl\/wp-json\/wp\/v2\/pages\/3712","targetHints":{"allow":["GET"]}}],"collection":[{"href":"https:\/\/dpm.uksw.edu.pl\/pl\/wp-json\/wp\/v2\/pages"}],"about":[{"href":"https:\/\/dpm.uksw.edu.pl\/pl\/wp-json\/wp\/v2\/types\/page"}],"author":[{"embeddable":true,"href":"https:\/\/dpm.uksw.edu.pl\/pl\/wp-json\/wp\/v2\/users\/7"}],"replies":[{"embeddable":true,"href":"https:\/\/dpm.uksw.edu.pl\/pl\/wp-json\/wp\/v2\/comments?post=3712"}],"version-history":[{"count":28,"href":"https:\/\/dpm.uksw.edu.pl\/pl\/wp-json\/wp\/v2\/pages\/3712\/revisions"}],"predecessor-version":[{"id":5001,"href":"https:\/\/dpm.uksw.edu.pl\/pl\/wp-json\/wp\/v2\/pages\/3712\/revisions\/5001"}],"wp:featuredmedia":[{"embeddable":true,"href":"https:\/\/dpm.uksw.edu.pl\/pl\/wp-json\/wp\/v2\/media\/4388"}],"wp:attachment":[{"href":"https:\/\/dpm.uksw.edu.pl\/pl\/wp-json\/wp\/v2\/media?parent=3712"}],"curies":[{"name":"wp","href":"https:\/\/api.w.org\/{rel}","templated":true}]}}