{"id":3830,"date":"2022-11-15T16:24:00","date_gmt":"2022-11-15T15:24:00","guid":{"rendered":"https:\/\/jednostki.uksw.edu.pl\/dpm\/stypendia-2\/stypendium-socjalne\/"},"modified":"2025-11-12T14:21:14","modified_gmt":"2025-11-12T13:21:14","slug":"stypendium-socjalne","status":"publish","type":"page","link":"https:\/\/dpm.uksw.edu.pl\/stypendia\/stypendium-socjalne\/","title":{"rendered":"Stypendium socjalne"},"content":{"rendered":"\n<p><strong>Obowi\u0105zek informacyjny wobec student\u00f3w  w zwi\u0105zku z wej\u015bciem&nbsp;RODO,&nbsp;znajduje si\u0119 w menu g\u0142\u00f3wnym w zak\u0142adce \u201eRODO\u201d<\/strong><\/p>\n\n\n\n<h2 class=\"wp-block-heading\">Wnioski o przyznanie stypendium socjalnego na rok akademicki 2025\/2026 s\u0105 przyjmowane od 15 wrze\u015bnia 2025 roku do 31 maja 2026 roku.<\/h2>\n\n\n\n<p>Stypendium socjalne przyznawane jest od pa\u017adziernika, je\u017celi wniosek wraz z kompletem dokument\u00f3w zosta\u0142 z\u0142o\u017cony <strong>od 15 wrze\u015bnia do 10 pa\u017adziernika 2025 roku<\/strong>. W przypadku z\u0142o\u017cenia po 10 pa\u017adziernika, stypendium przyznawane jest od miesi\u0105ca nast\u0119puj\u0105cego po miesi\u0105cu, w kt\u00f3rym zosta\u0142 z\u0142o\u017cony wniosek wraz z kompletem dokument\u00f3w.<\/p>\n\n\n\n<h3 class=\"wp-block-heading\">Aby zarejestrowa\u0107 wniosek nale\u017cy:<\/h3>\n\n\n\n<ul class=\"wp-block-list\">\n<li>zalogowa\u0107 si\u0119 na konto&nbsp;<a href=\"https:\/\/usosweb.uksw.edu.pl\/\">USOSweb<\/a><\/li>\n\n\n\n<li>z menu wybra\u0107 DLA WSZYSTKICH =&gt;WNIOSKI<\/li>\n\n\n\n<li>przed wype\u0142nieniem wniosku o stypendium socjalne, najpierw nale\u017cy wype\u0142ni\u0107 O\u015aWIADCZENIE O DOCHODACH i zarejestrowa\u0107 je, nast\u0119pnie przej\u015b\u0107 do wype\u0142niania wniosku o niniejsze stypendium.<\/li>\n<\/ul>\n\n\n\r\n<div class=\"\">\r\n\r\n\r\n<div class=\"row\">\r\n\r\n  \r\n<div class=\"col-xl-12 col-lg-12 col-md-12 col-sm-12 \">\r\n\t\t<div class=\"download_detils\">\r\n\t\t\t<a href=\"https:\/\/dpm.uksw.edu.pl\/wp-content\/uploads\/sites\/23\/2022\/11\/Instrukcja-oswiadczenia-o-dochodach-2017.pdf\"  target=\"_blank\" >\r\n\t\t\t<img decoding=\"async\" src=\"https:\/\/dpm.uksw.edu.pl\/wp-content\/themes\/uksw\/images\/import.svg\" alt=\"\"> Instrukcja do o\u015bwiadczenia o dochodach [PDF,  2.70 MB]<\/a>\r\n\t\t<\/div>\r\n<\/div>\r\n\r\n\r\n\t\t\r\n\t\t \r\n\r\n<\/div>\r\n<\/div>\r\n<div class=\"space20\"><\/div>\r\n\r\n\n\n\n<p>Po wype\u0142nieniu i zarejestrowaniu w systemie wniosku nale\u017cy go wydrukowa\u0107, podpisa\u0107 i w wersji papierowej wraz z wymagan\u0105 dokumentacj\u0105 z\u0142o\u017cy\u0107 osobi\u015bcie lub za po\u015brednictwem Poczty Polskiej w Biurze Pomocy Materialnej dla Student\u00f3w (BPMS).<br>Terminem z\u0142o\u017cenia wniosk\u00f3w jest data dostarczenia ich w wersji papierowej do BPMS.<\/p>\n\n\n\n<p>Je\u017celi koniec terminu przypada na dzie\u0144 ustawowo wolny od pracy, to za ostatni dzie\u0144 terminu uwa\u017ca si\u0119 najbli\u017cszy dzie\u0144 powszedni.<\/p>\n\n\n\n<p>Niewype\u0142nienie wniosku w wersji elektronicznej uniemo\u017cliwia z\u0142o\u017cenie wniosku w wersji papierowej.<\/p>\n\n\n\n<p>Dat\u0105 wszcz\u0119cia post\u0119powania w sprawie przyznania stypendium jest dzie\u0144 dostarczenia wniosku do BPMS (zarejestrowanie formularza elektronicznego w USOSweb nie wszczyna post\u0119powania w sprawie przyznania stypendium, jest czynno\u015bci\u0105 techniczn\u0105 i nie stanowi z\u0142o\u017cenia wniosku).<\/p>\n\n\n\n<p><strong>Numer konta bankowego<\/strong>, do przelew\u00f3w stypendi\u00f3w nale\u017cy wpisa\u0107 w systemie USOSweb: dla studenta -&gt; stypendia-&gt; konta bankowe studenta. Numer konta mo\u017cna wprowadzi\u0107 tylko raz, w przypadku jego zmiany nale\u017cy wype\u0142ni\u0107&nbsp;<a href=\"https:\/\/dpm.uksw.edu.pl\/wp-content\/uploads\/sites\/23\/2022\/11\/WNIOSEK-O-PRZELEWANIE-STYPENDIUM-NA-KONTO.pdf\" data-type=\"URL\" data-id=\"https:\/\/dpm.uksw.edu.pl\/wp-content\/uploads\/sites\/23\/2022\/11\/WNIOSEK-O-PRZELEWANIE-STYPENDIUM-NA-KONTO.pdf\">wniosek o przelewanie stypendium na konto<\/a>&nbsp;i dostarczy\u0107 do DPMS.<\/p>\n\n\n\n<p>Studentowi w trudnej sytuacji materialnej przys\u0142uguje:<\/p>\n\n\n\n<ul class=\"wp-block-list\">\n<li>stypendium socjalne (dot. wszystkich)<\/li>\n\n\n\n<li>stypendium socjalne w zwi\u0119kszonej wysoko\u015bci (dot. student\u00f3w, kt\u00f3rzy na sta\u0142e zamieszkuj\u0105 w odleg\u0142o\u015bci 60 km od Warszawy i wynajmuj\u0105 mieszkanie, pok\u00f3j lub akademik w Warszawie \u2013 nale\u017cy to po\u015bwiadczy\u0107 np. kopi\u0105 umowy najmu, za\u015bwiadczeniem z akademika, o\u015bwiadczeniem w\u0142a\u015bciciela mieszkania)<\/li>\n<\/ul>\n\n\n\n<p>Kryterium odleg\u0142o\u015bci nie stosuje si\u0119 do student\u00f3w seminari\u00f3w duchownych.<br><strong>Pr\u00f3g dochodu w rodzinie studenta kwalifikuj\u0105cy do pobierania stypendium to 1908,90  z\u0142.<\/strong> <\/p>\n\n\n\n<p>Student, kt\u00f3ry nie prowadzi wsp\u00f3lnego gospodarstwa z \u017cadnym z rodzic\u00f3w mo\u017ce wnioskowa\u0107 samodzielnie o przyznanie stypendium socjalnego musi jednak spe\u0142ni\u0107 jeden z nast\u0119puj\u0105cych warunk\u00f3w:<\/p>\n\n\n\n<ul class=\"wp-block-list\">\n<li>uko\u0144czy\u0142 26. rok \u017cycia,<\/li>\n\n\n\n<li>pozostaje w zwi\u0105zku ma\u0142\u017ce\u0144skim,<\/li>\n\n\n\n<li>ma na utrzymaniu dzieci niepe\u0142noletnie, dzieci pobieraj\u0105ce nauk\u0119 do 26. roku \u017cycia, a je\u017celi 26. rok \u017cycia przypada w ostatnim roku studi\u00f3w, do ich uko\u0144czenia, oraz dzieci niepe\u0142nosprawne bez wzgl\u0119du na wiek;,<\/li>\n\n\n\n<li>osi\u0105gn\u0105\u0142 pe\u0142noletnio\u015b\u0107, przebywaj\u0105c w pieczy zast\u0119pczej,<\/li>\n\n\n\n<li>posiada sta\u0142e \u017ar\u00f3d\u0142o dochod\u00f3w i jego przeci\u0119tny miesi\u0119czny doch\u00f3d w poprzednim roku podatkowym oraz w roku bie\u017c\u0105cym w miesi\u0105cach poprzedzaj\u0105cych miesi\u0105c z\u0142o\u017cenia o\u015bwiadczenia, o kt\u00f3rym mowa w ust. 3, jest wy\u017cszy lub r\u00f3wny 40 % minimalnego wynagrodzenia za prac\u0119 ustalonego od dnia 1 stycznia roku poprzedzaj\u0105cego rok akademicki, na kt\u00f3ry przyznawane jest stypendium socjalne, na podstawie ustawy z dnia 10 pa\u017adziernika 2002 r. o minimalnym wynagrodzeniu za prac\u0119.<\/li>\n<\/ul>\n\n\n\r\n<div class=\"\">\r\n\r\n\r\n<div class=\"row\">\r\n\r\n  \r\n<div class=\"col-xl-12 col-lg-12 col-md-12 col-sm-12 \">\r\n\t\t<div class=\"download_detils\">\r\n\t\t\t<a href=\"https:\/\/dpm.uksw.edu.pl\/wp-content\/uploads\/sites\/23\/2024\/08\/1722862928_zal-1-do-reg-wykaz-dokumentow1.pdf\"  title=\"za\u0142. nr 1 wykaz wymaganych dokument\u00f3w do otrzymania stypendium socjalnego\" download >\r\n\t\t\t<img decoding=\"async\" src=\"https:\/\/dpm.uksw.edu.pl\/wp-content\/themes\/uksw\/images\/import.svg\" alt=\"\"> za\u0142. nr 1 wykaz wymaganych dokument\u00f3w do otrzymania stypendium socjalnego [PDF,  0.09 MB]<\/a>\r\n\t\t<\/div>\r\n<\/div>\r\n\r\n\r\n\t\t\r\n\t\t \r\n\r\n<\/div>\r\n<\/div>\r\n<div class=\"space20\"><\/div>\r\n\r\n\n\n\n<p>Studenci studi\u00f3w staraj\u0105cy si\u0119 o stypendium socjalne w zwi\u0119kszonej wysoko\u015bci dodatkowo do wniosku do\u0142\u0105czaj\u0105:<\/p>\n\n\n\n<ul class=\"wp-block-list\">\n<li>ksero umowy najmu mieszkania lub pokoju<\/li>\n\n\n\n<li>za\u015bwiadczenie potwierdzaj\u0105ce zamieszkanie w Akademiku<\/li>\n\n\n\n<li>o\u015bwiadczenie w\u0142a\u015bciciela mieszkania<\/li>\n<\/ul>\n\n\n\n<p>Komisje Stypendialne UKSW przyznaj\u0105 stypendium socjalne:<\/p>\n\n\n\n<ol class=\"wp-block-list\">\n<li><strong>od pa\u017adziernika<\/strong>&nbsp;w roku, w kt\u00f3rym z\u0142o\u017cono wniosek, je\u017celi zosta\u0142 on&nbsp;<strong>z\u0142o\u017cony do 10 pa\u017adziernika<\/strong>;<\/li>\n\n\n\n<li><strong>od miesi\u0105ca, nast\u0119puj\u0105cego&nbsp;<\/strong>po miesi\u0105cu z\u0142o\u017cenia wniosku.<\/li>\n<\/ol>\n\n\n\n<div style=\"height:16px\" aria-hidden=\"true\" class=\"wp-block-spacer\"><\/div>\n\n\n\r\n<div class=\"\">\r\n\r\n\r\n<div class=\"row\">\r\n\r\n  \r\n<div class=\"col-xl-12 col-lg-12 col-md-12 col-sm-12 \">\r\n\t\t<div class=\"download_detils\">\r\n\t\t\t<a href=\"https:\/\/dpm.uksw.edu.pl\/wp-content\/uploads\/sites\/23\/2024\/09\/zasady_wyliczania_dochodu-_studenta_2024_2025-1.pdf\"  title=\"Zasady obliczania dochodu na osob\u0119 w rodzinie studenta \" download >\r\n\t\t\t<img decoding=\"async\" src=\"https:\/\/dpm.uksw.edu.pl\/wp-content\/themes\/uksw\/images\/import.svg\" alt=\"\"> Zasady obliczania dochodu na osob\u0119 w rodzinie studenta  [PDF,  0.22 MB]<\/a>\r\n\t\t<\/div>\r\n<\/div>\r\n\r\n\r\n\t\t\r\n\t\t \r\n\r\n<\/div>\r\n<\/div>\r\n<div class=\"space20\"><\/div>\r\n\r\n\n\n\n<p><strong>Przeci\u0119tny doch\u00f3d z pracy w indywidualnych gospodarstwach rolnych z 1 ha przeliczeniowego wyni\u00f3s\u0142 w 2024 r. 5429 z\u0142<\/strong><\/p>\n\n\n\n<h2 class=\"wp-block-heading\">Formularze do stypendium socjalnego dla student\u00f3w:<\/h2>\n\n\n\r\n<div class=\"\">\r\n\r\n\r\n<div class=\"row\">\r\n\r\n  \r\n<div class=\"col-xl-12 col-lg-12 col-md-12 col-sm-12 \">\r\n\t\t<div class=\"download_detils\">\r\n\t\t\t<a href=\"https:\/\/dpm.uksw.edu.pl\/wp-content\/uploads\/sites\/23\/2022\/11\/rodo-na-strone.pdf\"  target=\"_blank\" >\r\n\t\t\t<img decoding=\"async\" src=\"https:\/\/dpm.uksw.edu.pl\/wp-content\/themes\/uksw\/images\/import.svg\" alt=\"\"> obowi\u0105zkowe o\u015bwiadczenie na wyra\u017cenie zgody na przetwarzanie danych osobowych\nwnioskodawcy i cz\u0142onk\u00f3w rodziny [PDF,  0.18 MB]<\/a>\r\n\t\t<\/div>\r\n<\/div>\r\n\r\n\r\n\t\t\r\n<div class=\"col-xl-12 col-lg-12 col-md-12 col-sm-12 \">\r\n\t\t<div class=\"download_detils\">\r\n\t\t\t<a href=\"https:\/\/dpm.uksw.edu.pl\/wp-content\/uploads\/sites\/23\/2022\/11\/zal_7_2019_przel_doch_st.pdf\"  target=\"_blank\" >\r\n\t\t\t<img decoding=\"async\" src=\"https:\/\/dpm.uksw.edu.pl\/wp-content\/themes\/uksw\/images\/import.svg\" alt=\"\"> za\u0142\u0105cznik nr 7 \u2013 wniosek o ponowne przeliczenie dochodu [PDF,  0.51 MB]<\/a>\r\n\t\t<\/div>\r\n<\/div>\r\n\r\n\r\n\t\t\r\n<div class=\"col-xl-12 col-lg-12 col-md-12 col-sm-12 \">\r\n\t\t<div class=\"download_detils\">\r\n\t\t\t<a href=\"https:\/\/dpm.uksw.edu.pl\/wp-content\/uploads\/sites\/23\/2024\/08\/1722863489_zal-10-oswidczenie-o-dochodzie-czlonkow-rodziny.pdf\"  target=\"_blank\" >\r\n\t\t\t<img decoding=\"async\" src=\"https:\/\/dpm.uksw.edu.pl\/wp-content\/themes\/uksw\/images\/import.svg\" alt=\"\"> za\u0142\u0105cznik nr 10 \u2013 o\u015bwiadczenie o dochodzie cz\u0142onk\u00f3w rodziny\nniepodlegaj\u0105cych opodatkowaniu podatkiem dochodowym uzyskanym w roku\nkalendarzowym poprzedzaj\u0105cym okres \u015bwiadczeniow [PDF,  0.06 MB]<\/a>\r\n\t\t<\/div>\r\n<\/div>\r\n\r\n\r\n\t\t\r\n<div class=\"col-xl-12 col-lg-12 col-md-12 col-sm-12 \">\r\n\t\t<div class=\"download_detils\">\r\n\t\t\t<a href=\"https:\/\/dpm.uksw.edu.pl\/wp-content\/uploads\/sites\/23\/2022\/11\/DZIALALNOSC-GOSP..doc\"  target=\"_blank\" >\r\n\t\t\t<img decoding=\"async\" src=\"https:\/\/dpm.uksw.edu.pl\/wp-content\/themes\/uksw\/images\/import.svg\" alt=\"\"> o\u015bwiadczenie o prowadzeniu \/ nieprowadzeniu dzia\u0142alno\u015bci gospodarczej [DOC,  0.03 MB]<\/a>\r\n\t\t<\/div>\r\n<\/div>\r\n\r\n\r\n\t\t\r\n<div class=\"col-xl-12 col-lg-12 col-md-12 col-sm-12 \">\r\n\t\t<div class=\"download_detils\">\r\n\t\t\t<a href=\"https:\/\/dpm.uksw.edu.pl\/wp-content\/uploads\/sites\/23\/2024\/08\/oswiadczenie-o-nieprowadzeniu-wspolnego-gospodarstwa-domowego-z-zadnym-z-rodzicow-opiekunow-prawnych-lub-faktycznych.pdf\"  title=\"o\u015bwiadczenie o nieprowadzeniu wsp\u00f3lnego gospodarstwa domowego z \u017cadnym z rodzic\u00f3w, opiekun\u00f3w prawnych lub faktycznych\" download >\r\n\t\t\t<img decoding=\"async\" src=\"https:\/\/dpm.uksw.edu.pl\/wp-content\/themes\/uksw\/images\/import.svg\" alt=\"\"> o\u015bwiadczenie o nieprowadzeniu wsp\u00f3lnego gospodarstwa domowego z \u017cadnym z\nrodzic\u00f3w, opiekun\u00f3w prawnych lub faktycznych [PDF,  0.09 MB]<\/a>\r\n\t\t<\/div>\r\n<\/div>\r\n\r\n\r\n\t\t\r\n\t\t \r\n\r\n<\/div>\r\n<\/div>\r\n<div class=\"space20\"><\/div>\r\n\r\n\n\n\n<p class=\"has-text-align-left\">\u201e\u00a7 34. 1. Rektor, komisja stypendialna albo odwo\u0142awcza komisja stypendialna odmawia przyznania stypendium socjalnego studentowi, kt\u00f3rego miesi\u0119czny doch\u00f3d na osob\u0119 w rodzinie nie przekracza kwoty okre\u015blonej w art. 8 ust. 1 pkt 2 ustawy z dnia 12 marca 2004 r. o pomocy spo\u0142ecznej (Dz. U. z 2023 r. poz. 901 z p\u00f3\u017an. zm.), tj. 823 z\u0142. je\u017celi do wniosku o przyznanie stypendium socjalnego nie do\u0142\u0105czy wydanego przez o\u015brodek pomocy spo\u0142ecznej albo przez centrum us\u0142ug spo\u0142ecznych za\u015bwiadczenia o korzystaniu w roku z\u0142o\u017cenia tego wniosku ze \u015bwiadcze\u0144 z pomocy spo\u0142ecznej przez niego lub przez cz\u0142onk\u00f3w jego rodziny.<br>\u201e2. W przypadku gdy student, o kt\u00f3rym mowa w ust. 1, lub cz\u0142onkowie jego rodziny nie korzystaj\u0105 ze \u015bwiadcze\u0144 z pomocy spo\u0142ecznej, rektor, komisja stypendialna albo odwo\u0142awcza komisja stypendialna mo\u017ce przyzna\u0107 temu studentowi stypendium socjalne, je\u017celi udokumentowa\u0142 \u017ar\u00f3d\u0142a utrzymania rodziny.\u201d;<\/p>\n\n\n\n<h3 class=\"wp-block-heading\"><\/h3>\n\n\n\r\n<div class=\"\">\r\n\r\n\r\n<div class=\"row\">\r\n\r\n     \r\n   <div class=\"contact_grey\" align=\"center\"> <strong>Pobierz plik<\/strong> <\/div>\r\n  \r\n \r\n\r\n<\/div>\r\n<\/div>\r\n<div class=\"space20\"><\/div>\r\n\r\n\n\n\n<p><\/p>\n","protected":false},"excerpt":{"rendered":"<p>Obowi\u0105zek informacyjny wobec student\u00f3w w zwi\u0105zku z wej\u015bciem&nbsp;RODO,&nbsp;znajduje si\u0119 w menu g\u0142\u00f3wnym w zak\u0142adce \u201eRODO\u201d Wnioski o przyznanie stypendium socjalnego na rok akademicki 2025\/2026 s\u0105 przyjmowane od 15 wrze\u015bnia 2025 roku do 31 maja 2026 roku. Stypendium socjalne przyznawane jest od pa\u017adziernika, je\u017celi wniosek wraz z kompletem dokument\u00f3w zosta\u0142 z\u0142o\u017cony od 15 wrze\u015bnia do 10 [&hellip;]<\/p>\n","protected":false},"author":1,"featured_media":0,"parent":3361,"menu_order":2,"comment_status":"closed","ping_status":"closed","template":"page-templates\/template-sub-page.php","meta":{"_acf_changed":false,"inline_featured_image":false,"footnotes":"","_links_to":"","_links_to_target":""},"class_list":["post-3830","page","type-page","status-publish","hentry"],"acf":[],"_links":{"self":[{"href":"https:\/\/dpm.uksw.edu.pl\/pl\/wp-json\/wp\/v2\/pages\/3830","targetHints":{"allow":["GET"]}}],"collection":[{"href":"https:\/\/dpm.uksw.edu.pl\/pl\/wp-json\/wp\/v2\/pages"}],"about":[{"href":"https:\/\/dpm.uksw.edu.pl\/pl\/wp-json\/wp\/v2\/types\/page"}],"author":[{"embeddable":true,"href":"https:\/\/dpm.uksw.edu.pl\/pl\/wp-json\/wp\/v2\/users\/1"}],"replies":[{"embeddable":true,"href":"https:\/\/dpm.uksw.edu.pl\/pl\/wp-json\/wp\/v2\/comments?post=3830"}],"version-history":[{"count":50,"href":"https:\/\/dpm.uksw.edu.pl\/pl\/wp-json\/wp\/v2\/pages\/3830\/revisions"}],"predecessor-version":[{"id":5097,"href":"https:\/\/dpm.uksw.edu.pl\/pl\/wp-json\/wp\/v2\/pages\/3830\/revisions\/5097"}],"up":[{"embeddable":true,"href":"https:\/\/dpm.uksw.edu.pl\/pl\/wp-json\/wp\/v2\/pages\/3361"}],"wp:attachment":[{"href":"https:\/\/dpm.uksw.edu.pl\/pl\/wp-json\/wp\/v2\/media?parent=3830"}],"curies":[{"name":"wp","href":"https:\/\/api.w.org\/{rel}","templated":true}]}}