{"id":3831,"date":"2022-11-15T16:24:00","date_gmt":"2022-11-15T15:24:00","guid":{"rendered":"https:\/\/jednostki.uksw.edu.pl\/dpm\/stypendia-2\/stypendium-rektora\/"},"modified":"2026-03-23T15:03:28","modified_gmt":"2026-03-23T14:03:28","slug":"stypendium-rektora","status":"publish","type":"page","link":"https:\/\/dpm.uksw.edu.pl\/stypendia\/stypendium-rektora\/","title":{"rendered":"Stypendium rektora"},"content":{"rendered":"\n<p><\/p>\n\n\n\n<p><strong>Wnioski student\u00f3w o&nbsp;przyznanie stypendium rektora na rok akademicki 2025\/2026 s\u0105 przyjmowane w dniach&nbsp;od 1 do 15 pa\u017adziernika 2025 roku<\/strong>.<\/p>\n\n\n\n<p><strong>Student przed z\u0142o\u017ceniem wniosku do BPMS generuje go w systemie USOSweb, po zalogowaniu na swoje konto. Wygenerowany wniosek wraz z udokumentowanymi osi\u0105gni\u0119ciami, nale\u017cy z\u0142o\u017cy\u0107 w BPMS. Liczy si\u0119 data z\u0142o\u017cenia\/nadania wniosku w formie papierowej.<\/strong><\/p>\n\n\n\n<p>Dat\u0105 wszcz\u0119cia post\u0119powania w sprawie przyznania stypendium jest dzie\u0144 dostarczenia wniosku do BPMS (zarejestrowanie formularza elektronicznego w USOSweb nie wszczyna post\u0119powania w sprawie przyznania stypendium, jest czynno\u015bci\u0105 techniczn\u0105 i nie stanowi z\u0142o\u017cenia wniosku).<\/p>\n\n\n\n<p>Aby zarejestrowa\u0107 wniosek nale\u017cy:<\/p>\n\n\n\n<ul class=\"wp-block-list\">\n<li>zalogowa\u0107 si\u0119 na konto USOSWEB,<\/li>\n\n\n\n<li>z menu wybra\u0107 DLA WSZYSTKICH =&gt; WNIOSKI.<\/li>\n<\/ul>\n\n\n\n<p>Wz\u00f3r obliczenia \u015bredniej wa\u017conej wraz z instrukcj\u0105 dotyczy student\u00f3w sk\u0142adaj\u0105cych wniosek o stypendium rektora:&nbsp;<\/p>\n\n\n\r\n<div class=\"\">\r\n\r\n\r\n<div class=\"row\">\r\n\r\n  \r\n<div class=\"col-xl-12 col-lg-12 col-md-12 col-sm-12 \">\r\n\t\t<div class=\"download_detils\">\r\n\t\t\t<a href=\"https:\/\/dpm.uksw.edu.pl\/wp-content\/uploads\/sites\/23\/2022\/11\/instrukcja-do-obliczenia-sredniej_.pdf\"  target=\"_blank\" >\r\n\t\t\t<img decoding=\"async\" src=\"https:\/\/dpm.uksw.edu.pl\/wp-content\/themes\/uksw\/images\/import.svg\" alt=\"\"> instrukcja do obliczenia \u015bredniej wa\u017conej [PDF,  0.12 MB]<\/a>\r\n\t\t<\/div>\r\n<\/div>\r\n\r\n\r\n\t\t\r\n<div class=\"col-xl-12 col-lg-12 col-md-12 col-sm-12 \">\r\n\t\t<div class=\"download_detils\">\r\n\t\t\t<a href=\"https:\/\/dpm.uksw.edu.pl\/wp-content\/uploads\/sites\/23\/2022\/11\/OBLICZANIE-SREDNIEJ_.xlsx\"  target=\"_blank\" >\r\n\t\t\t<img decoding=\"async\" src=\"https:\/\/dpm.uksw.edu.pl\/wp-content\/themes\/uksw\/images\/import.svg\" alt=\"\"> wz\u00f3r do obliczania \u015bredniej wa\u017conej [XLSX,  0.01 MB]<\/a>\r\n\t\t<\/div>\r\n<\/div>\r\n\r\n\r\n\t\t\r\n\t\t \r\n\r\n<\/div>\r\n<\/div>\r\n<div class=\"space20\"><\/div>\r\n\r\n\n\n\n<p class=\"has-text-align-left\">Student, kt\u00f3ry uzyska\u0142 wyr\u00f3\u017cniaj\u0105ce wyniki w nauce, osi\u0105gni\u0119cia naukowe, artystyczne, wysokie wyniki sportowe we wsp\u00f3\u0142zawodnictwie mi\u0119dzynarodowym lub krajowym mo\u017ce ubiega\u0107 si\u0119 o stypendium rektora. Wszystkie osi\u0105gni\u0119cia nale\u017cy udokumentowa\u0107 za\u015bwiadczeniami, dyplomami, itp.<\/p>\n\n\n\n<p class=\"has-text-align-left\">Wz\u00f3r za\u015bwiadczenia dotycz\u0105cego dzia\u0142alno\u015bci w kole naukowym, samorz\u0105dzie lub innych organizacjach uniwersyteckich jest okre\u015blony w Za\u0142\u0105czniku Nr 11. Niedostosowanie si\u0119&nbsp;do wzoru skutkuje nie przyznaniem punkt\u00f3w za wskazane przez studenta osi\u0105gni\u0119cie.<\/p>\n\n\n\n<p class=\"has-text-align-left\">Minimalna \u015brednia uprawniaj\u0105ca do uzyskania stypendium rektora wynosi&nbsp;<strong>4,00<\/strong>.<\/p>\n\n\n\n<p class=\"has-text-align-left\">Warunkiem ubiegania si\u0119 o stypendium rektora jest zaliczenie pierwszego roku studi\u00f3w.<\/p>\n\n\n\n<p class=\"has-text-align-left\">Wyj\u0105tek stanowi\u0105 studenci przyj\u0119ci na pierwszy rok studi\u00f3w, kt\u00f3rzy s\u0105 laureatami olimpiady mi\u0119dzynarodowej albo laureatami finalistami olimpiady przedmiotowej o zasi\u0119gu og\u00f3lnopolskim.<\/p>\n\n\n\n<p class=\"has-text-align-left\">Stypendium rektora otrzymuje student, przyj\u0119ty na pierwszy rok studi\u00f3w w roku z\u0142o\u017cenia egzaminu maturalnego, b\u0119d\u0105cy:<\/p>\n\n\n\n<ul class=\"wp-block-list\">\n<li>laureatem olimpiady mi\u0119dzynarodowej albo laureatem lub finalist\u0105 olimpiady stopnia centralnego, o kt\u00f3rych mowa w przepisach o systemie o\u015bwiaty,<\/li>\n\n\n\n<li>medalist\u0105 co najmniej wsp\u00f3\u0142zawodnictwa sportowego o tytu\u0142 Mistrza Polski w&nbsp;danym sporcie, o kt\u00f3rym mowa w przepisach o sporcie.<\/li>\n<\/ul>\n\n\n\n<p>Studenci pierwszego roku studi\u00f3w drugiego stopnia r\u00f3wnie\u017c mog\u0105 si\u0119 ubiega\u0107 o stypendium rektora.<\/p>\n\n\n\n<p>Je\u017celi koniec terminu przypada na dzie\u0144 ustawowo wolny od pracy, to za ostatni dzie\u0144 terminu uwa\u017ca si\u0119 najbli\u017cszy dzie\u0144 powszedni.<\/p>\n\n\n\n<h3 class=\"wp-block-heading\">Formularze&nbsp;o przyznanie&nbsp;stypendium rektora:<\/h3>\n\n\n\r\n<div class=\"\">\r\n\r\n\r\n<div class=\"row\">\r\n\r\n  \r\n<div class=\"col-xl-12 col-lg-12 col-md-12 col-sm-12 \">\r\n\t\t<div class=\"download_detils\">\r\n\t\t\t<a href=\"https:\/\/dpm.uksw.edu.pl\/wp-content\/uploads\/sites\/23\/2024\/08\/1722863443_zal-8-do-reg-wykaz-osiagniec-studenta.pdf\"  target=\"_blank\" >\r\n\t\t\t<img decoding=\"async\" src=\"https:\/\/dpm.uksw.edu.pl\/wp-content\/themes\/uksw\/images\/import.svg\" alt=\"\"> za\u0142\u0105cznik nr 8 \u2013 wykaz osi\u0105gni\u0119\u0107 studenta dla student\u00f3w [PDF,  0.11 MB]<\/a>\r\n\t\t<\/div>\r\n<\/div>\r\n\r\n\r\n\t\t\r\n<div class=\"col-xl-12 col-lg-12 col-md-12 col-sm-12 \">\r\n\t\t<div class=\"download_detils\">\r\n\t\t\t<a href=\"https:\/\/dpm.uksw.edu.pl\/wp-content\/uploads\/sites\/23\/2024\/08\/1722863489_zal-11-wzor-zaswiadczenia-za-dzialaolnosc-w-kole-naukowym.pdf\"  target=\"_blank\" >\r\n\t\t\t<img decoding=\"async\" src=\"https:\/\/dpm.uksw.edu.pl\/wp-content\/themes\/uksw\/images\/import.svg\" alt=\"\"> za\u0142. nr 11 &#8211; wz\u00f3r za\u015bwiadczenia za dzia\u0142alno\u015b\u0107 w kole naukowym lub\naktywno\u015b\u0107 w samorz\u0105dzie student\u00f3w lub dzia\u0142alno\u015b\u0107 spo\u0142eczn\u0105 [PDF,  0.04 MB]<\/a>\r\n\t\t<\/div>\r\n<\/div>\r\n\r\n\r\n\t\t\r\n<div class=\"col-xl-12 col-lg-12 col-md-12 col-sm-12 \">\r\n\t\t<div class=\"download_detils\">\r\n\t\t\t<a href=\"https:\/\/dpm.uksw.edu.pl\/wp-content\/uploads\/sites\/23\/2024\/08\/1722863490_zal-13-wzor-zaswiadczenie-konferencje.pdf\"  title=\"za\u0142. nr 13 wz\u00f3r za\u015bwiadczenia za aktywny udzia\u0142 w konferencjach\" download >\r\n\t\t\t<img decoding=\"async\" src=\"https:\/\/dpm.uksw.edu.pl\/wp-content\/themes\/uksw\/images\/import.svg\" alt=\"\"> za\u0142. nr 13 wz\u00f3r za\u015bwiadczenia za aktywny udzia\u0142 w konferencjach [PDF,  0.04 MB]<\/a>\r\n\t\t<\/div>\r\n<\/div>\r\n\r\n\r\n\t\t\r\n\t\t \r\n\r\n<\/div>\r\n<\/div>\r\n<div class=\"space20\"><\/div>\r\n\r\n","protected":false},"excerpt":{"rendered":"<p>Wnioski student\u00f3w o&nbsp;przyznanie stypendium rektora na rok akademicki 2025\/2026 s\u0105 przyjmowane w dniach&nbsp;od 1 do 15 pa\u017adziernika 2025 roku. Student przed z\u0142o\u017ceniem wniosku do BPMS generuje go w systemie USOSweb, po zalogowaniu na swoje konto. Wygenerowany wniosek wraz z udokumentowanymi osi\u0105gni\u0119ciami, nale\u017cy z\u0142o\u017cy\u0107 w BPMS. Liczy si\u0119 data z\u0142o\u017cenia\/nadania wniosku w formie papierowej. Dat\u0105 wszcz\u0119cia [&hellip;]<\/p>\n","protected":false},"author":1,"featured_media":0,"parent":3361,"menu_order":3,"comment_status":"closed","ping_status":"closed","template":"page-templates\/template-sub-page.php","meta":{"_acf_changed":false,"inline_featured_image":false,"footnotes":"","_links_to":"","_links_to_target":""},"class_list":["post-3831","page","type-page","status-publish","hentry"],"acf":[],"_links":{"self":[{"href":"https:\/\/dpm.uksw.edu.pl\/pl\/wp-json\/wp\/v2\/pages\/3831","targetHints":{"allow":["GET"]}}],"collection":[{"href":"https:\/\/dpm.uksw.edu.pl\/pl\/wp-json\/wp\/v2\/pages"}],"about":[{"href":"https:\/\/dpm.uksw.edu.pl\/pl\/wp-json\/wp\/v2\/types\/page"}],"author":[{"embeddable":true,"href":"https:\/\/dpm.uksw.edu.pl\/pl\/wp-json\/wp\/v2\/users\/1"}],"replies":[{"embeddable":true,"href":"https:\/\/dpm.uksw.edu.pl\/pl\/wp-json\/wp\/v2\/comments?post=3831"}],"version-history":[{"count":38,"href":"https:\/\/dpm.uksw.edu.pl\/pl\/wp-json\/wp\/v2\/pages\/3831\/revisions"}],"predecessor-version":[{"id":5123,"href":"https:\/\/dpm.uksw.edu.pl\/pl\/wp-json\/wp\/v2\/pages\/3831\/revisions\/5123"}],"up":[{"embeddable":true,"href":"https:\/\/dpm.uksw.edu.pl\/pl\/wp-json\/wp\/v2\/pages\/3361"}],"wp:attachment":[{"href":"https:\/\/dpm.uksw.edu.pl\/pl\/wp-json\/wp\/v2\/media?parent=3831"}],"curies":[{"name":"wp","href":"https:\/\/api.w.org\/{rel}","templated":true}]}}