{"id":3832,"date":"2022-11-15T16:24:01","date_gmt":"2022-11-15T15:24:01","guid":{"rendered":"https:\/\/jednostki.uksw.edu.pl\/dpm\/stypendia-2\/stypendium-dla-osob-niepelnosprawnych\/"},"modified":"2025-08-26T09:40:52","modified_gmt":"2025-08-26T07:40:52","slug":"stypendium-dla-osob-niepelnosprawnych","status":"publish","type":"page","link":"https:\/\/dpm.uksw.edu.pl\/stypendia\/stypendium-dla-osob-niepelnosprawnych\/","title":{"rendered":"Stypendium dla os\u00f3b niepe\u0142nosprawnych"},"content":{"rendered":"\n<p><strong>Wnioski o przyznanie stypendium dla os\u00f3b niepe\u0142nosprawnych w roku akademickim 2025\/2026 s\u0105 przyjmowane od 15 wrze\u015bnia 2025 r. do 31 maja 2026r.<\/strong><\/p>\n\n\n\n<p><\/p>\n\n\n\n<p>Stypendium dla os\u00f3b niepe\u0142nosprawnych przyznawane jest od pa\u017adziernika, je\u017celi wniosek zosta\u0142 z\u0142o\u017cony w dniach od 15 wrze\u015bnia&nbsp;do 15 pa\u017adziernika. Je\u015bli wniosek zosta\u0142 z\u0142o\u017cony po 15 pa\u017adziernika w\u00f3wczas stypendium przyznaje si\u0119 od miesi\u0105ca nast\u0119puj\u0105cego po miesi\u0105cu z\u0142o\u017cenia.<\/p>\n\n\n\n<p><strong>Studenci<\/strong> <strong>przed zarejestrowaniem wniosku w systemie Usosweb musz\u0105 najpierw z\u0142o\u017cy\u0107 orzeczenie wraz z ankiet\u0105 w&nbsp;<a href=\"http:\/\/bon.uksw.edu.pl\/kontakt\/\">Biurze ds. Os\u00f3b z Niepe\u0142nosprawno\u015bci\u0105<\/a><\/strong><\/p>\n\n\n\n<p><strong>Aby&nbsp;zarejestrowa\u0107&nbsp;wniosek nale\u017cy:<\/strong><\/p>\n\n\n\n<ul class=\"wp-block-list\">\n<li>zalogowa\u0107 si\u0119 na konto USOSWEB,<\/li>\n\n\n\n<li>z menu wybra\u0107 WNIOSKI<\/li>\n<\/ul>\n\n\n\n<p>Po wype\u0142nieniu i zarejestrowaniu w systemie wniosku nale\u017cy go wydrukowa\u0107, podpisa\u0107 i w wersji papierowej wraz z wymagan\u0105 dokumentacj\u0105 z\u0142o\u017cy\u0107 w\u00a0BPMS.<\/p>\n\n\n\n<p>Dat\u0105 wszcz\u0119cia post\u0119powania w sprawie przyznania stypendium jest dzie\u0144 dostarczenia wniosku do BPMS (zarejestrowanie formularza elektronicznego w USOSweb nie wszczyna post\u0119powania w sprawie przyznania stypendium, jest czynno\u015bci\u0105 techniczn\u0105 i nie stanowi z\u0142o\u017cenia wniosku).<\/p>\n\n\n\n<p><strong>Niewype\u0142nienie wniosku w wersji elektronicznej uniemo\u017cliwia z\u0142o\u017cenie wniosku w wersji papierowej.<\/strong><\/p>\n\n\n\n<p><strong>Numer konta bankowego do przelew\u00f3w stypendi\u00f3w nale\u017cy wpisa\u0107 w systemie USOSWEB:\u00a0<\/strong>dla studenta -&gt; stypendia-&gt; konta bankowe studenta.<br>Numer konta mo\u017cna wprowadzi\u0107 tylko raz. W przypadku jego zmiany nale\u017cy wype\u0142ni\u0107\u00a0<a href=\"https:\/\/dpm.uksw.edu.pl\/wp-content\/uploads\/sites\/23\/2022\/11\/WNIOSEK-O-PRZELEWANIE-STYPENDIUM-NA-KONTO-1.pdf\" data-type=\"URL\" data-id=\"https:\/\/dpm.uksw.edu.pl\/wp-content\/uploads\/sites\/23\/2022\/11\/WNIOSEK-O-PRZELEWANIE-STYPENDIUM-NA-KONTO-1.pdf\">wniosek o przelewanie stypendium na konto<\/a>\u00a0i dostarczy\u0107 do BPMS.<\/p>\n\n\n\n<p>Stypendium dla os\u00f3b niepe\u0142nosprawnych mo\u017ce otrzyma\u0107 student posiadaj\u0105cy orzeczenie o&nbsp;niepe\u0142nosprawno\u015bci, orzeczenie o stopniu niepe\u0142nosprawno\u015bci lub orzeczenie, o kt\u00f3rym mowa w&nbsp;art. 5 oraz art. 62 ustawy z dnia 27 sierpnia 1997 r. o rehabilitacji zawodowej i spo\u0142ecznej oraz zatrudnianiu os\u00f3b niepe\u0142nosprawnych. Je\u017celi koniec terminu przypada na dzie\u0144 ustawowo wolny od pracy, to za ostatni dzie\u0144 terminu uwa\u017ca si\u0119 najbli\u017cszy dzie\u0144 powszedni.<\/p>\n\n\n\n<p>Student, kt\u00f3ry pobiera\u0142 w danym roku stypendium  dla os\u00f3b niepe\u0142nosprawnych, a jego orzeczenie utraci\u0142o wa\u017cno\u015b\u0107, jest zobowi\u0105zany w ci\u0105gu 3 miesi\u0119cy od utraty wa\u017cno\u015bci orzeczenia z\u0142o\u017cy\u0107 nowy wniosek, aby nadal m\u00f3c otrzymywa\u0107 stypendium.<\/p>\n","protected":false},"excerpt":{"rendered":"<p>Wnioski o przyznanie stypendium dla os\u00f3b niepe\u0142nosprawnych w roku akademickim 2025\/2026 s\u0105 przyjmowane od 15 wrze\u015bnia 2025 r. do 31 maja 2026r. Stypendium dla os\u00f3b niepe\u0142nosprawnych przyznawane jest od pa\u017adziernika, je\u017celi wniosek zosta\u0142 z\u0142o\u017cony w dniach od 15 wrze\u015bnia&nbsp;do 15 pa\u017adziernika. Je\u015bli wniosek zosta\u0142 z\u0142o\u017cony po 15 pa\u017adziernika w\u00f3wczas stypendium przyznaje si\u0119 od miesi\u0105ca nast\u0119puj\u0105cego [&hellip;]<\/p>\n","protected":false},"author":1,"featured_media":0,"parent":3361,"menu_order":4,"comment_status":"closed","ping_status":"closed","template":"page-templates\/template-sub-page.php","meta":{"_acf_changed":false,"inline_featured_image":false,"footnotes":"","_links_to":"","_links_to_target":""},"class_list":["post-3832","page","type-page","status-publish","hentry"],"acf":[],"_links":{"self":[{"href":"https:\/\/dpm.uksw.edu.pl\/pl\/wp-json\/wp\/v2\/pages\/3832","targetHints":{"allow":["GET"]}}],"collection":[{"href":"https:\/\/dpm.uksw.edu.pl\/pl\/wp-json\/wp\/v2\/pages"}],"about":[{"href":"https:\/\/dpm.uksw.edu.pl\/pl\/wp-json\/wp\/v2\/types\/page"}],"author":[{"embeddable":true,"href":"https:\/\/dpm.uksw.edu.pl\/pl\/wp-json\/wp\/v2\/users\/1"}],"replies":[{"embeddable":true,"href":"https:\/\/dpm.uksw.edu.pl\/pl\/wp-json\/wp\/v2\/comments?post=3832"}],"version-history":[{"count":15,"href":"https:\/\/dpm.uksw.edu.pl\/pl\/wp-json\/wp\/v2\/pages\/3832\/revisions"}],"predecessor-version":[{"id":5024,"href":"https:\/\/dpm.uksw.edu.pl\/pl\/wp-json\/wp\/v2\/pages\/3832\/revisions\/5024"}],"up":[{"embeddable":true,"href":"https:\/\/dpm.uksw.edu.pl\/pl\/wp-json\/wp\/v2\/pages\/3361"}],"wp:attachment":[{"href":"https:\/\/dpm.uksw.edu.pl\/pl\/wp-json\/wp\/v2\/media?parent=3832"}],"curies":[{"name":"wp","href":"https:\/\/api.w.org\/{rel}","templated":true}]}}