{"id":3833,"date":"2022-11-15T16:24:01","date_gmt":"2022-11-15T15:24:01","guid":{"rendered":"https:\/\/jednostki.uksw.edu.pl\/dpm\/stypendia-2\/zapomoga\/"},"modified":"2025-08-26T09:43:33","modified_gmt":"2025-08-26T07:43:33","slug":"zapomoga","status":"publish","type":"page","link":"https:\/\/dpm.uksw.edu.pl\/stypendia\/zapomoga\/","title":{"rendered":"Zapomoga"},"content":{"rendered":"\n<p><strong>&nbsp;<\/strong><\/p>\n\n\n\n<p>Terminy przyjmowania wniosk\u00f3w o\u00a0zapomog\u0119 w roku akademickim 2025\/2026:  od 1 pa\u017adziernika 2025 roku do 30 wrze\u015bnia 2026 roku<\/p>\n\n\n\n<p>W celu zyskania zapomogi nale\u017cy z\u0142o\u017cy\u0107 wniosek  wraz dokumentami potwierdzaj\u0105cymi zaistnia\u0142e zdarzenie.<\/p>\n\n\n\n<p><strong>Aby zarejestrowa\u0107 wniosek nale\u017cy:<\/strong><\/p>\n\n\n\n<ul class=\"wp-block-list\">\n<li>zalogowa\u0107 si\u0119 na konto USOSWEB,<\/li>\n\n\n\n<li>z menu wybra\u0107 WNIOSKI<\/li>\n<\/ul>\n\n\n\n<p>Po wype\u0142nieniu i zarejestrowaniu w systemie wniosku,\u00a0nale\u017cy go wydrukowa\u0107, podpisa\u0107 i\u00a0w wersji papierowej wraz z wymagan\u0105 dokumentacj\u0105 z\u0142o\u017cy\u0107 w Biura Pomocy Materialnej dla Student\u00f3w (BPMS).<\/p>\n\n\n\n<p>Dat\u0105 wszcz\u0119cia post\u0119powania w sprawie przyznania stypendium jest dzie\u0144 dostarczenia wniosku do BPMS (zarejestrowanie formularza elektronicznego w USOSweb nie wszczyna post\u0119powania w sprawie przyznania stypendium, jest czynno\u015bci\u0105 techniczn\u0105 i nie stanowi z\u0142o\u017cenia wniosku).<\/p>\n\n\n\n<p><strong>Niewype\u0142nienie wniosku w wersji elektronicznej uniemo\u017cliwia z\u0142o\u017cenie wniosku w wersji papierowej.<\/strong><\/p>\n\n\n\n<p><strong>Numer konta bankowego, do przelew\u00f3w stypendi\u00f3w nale\u017cy wpisa\u0107 w systemie USOSWEB:\u00a0<\/strong>dla studenta -&gt; stypendia-&gt; konta bankowe studenta. Numer konta mo\u017cna wprowadzi\u0107 tylko raz, w przypadku jego zmiany nale\u017cy wype\u0142ni\u0107\u00a0<a href=\"https:\/\/dpm.uksw.edu.pl\/wp-content\/uploads\/sites\/23\/2022\/11\/WNIOSEK-O-PRZELEWANIE-STYPENDIUM-NA-KONTO-2.pdf\" data-type=\"URL\" data-id=\"https:\/\/dpm.uksw.edu.pl\/wp-content\/uploads\/sites\/23\/2022\/11\/WNIOSEK-O-PRZELEWANIE-STYPENDIUM-NA-KONTO-2.pdf\">WNIOSEK O PRZELEWANIE NA KONTO<\/a> i dostarczy\u0107 do BPMS.<\/p>\n\n\n\n<p>Zapomoga przeznaczona jest dla student\u00f3w znajduj\u0105cych si\u0119 przej\u015bciowo w trudnej sytuacji \u017cyciowej.<\/p>\n\n\n\n<p>Poprzez trudn\u0105 sytuacj\u0119 \u017cyciow\u0105 nale\u017cy rozumie\u0107 ka\u017cdy stan lub po\u0142o\u017cenie studenta, kt\u00f3re w&nbsp;bezpo\u015bredni spos\u00f3b utrudnia mu normaln\u0105 egzystencj\u0119.<\/p>\n\n\n\n<p>Poprzez trudn\u0105 sytuacj\u0119 \u017cyciow\u0105 nale\u017cy rozumie\u0107 w szczeg\u00f3lno\u015bci:<\/p>\n\n\n\n<ul class=\"wp-block-list\">\n<li>\u015bmier\u0107 bliskiego cz\u0142onka rodziny,<\/li>\n\n\n\n<li>chorob\u0119 lub uszczerbek na zdrowiu studenta,<\/li>\n\n\n\n<li>kl\u0119sk\u0119 \u017cywio\u0142ow\u0105.<\/li>\n<\/ul>\n\n\n\n<p>Student mo\u017ce otrzyma\u0107 zapomog\u0119, je\u017celi od zdarzenia losowego up\u0142yn\u0119\u0142o nie wi\u0119cej ni\u017c 3 miesi\u0105ce.<\/p>\n\n\n\n<p>Student mo\u017ce otrzyma\u0107 zapomog\u0119 nie wi\u0119cej ni\u017c dwa razy w roku akademickim. Student mo\u017ce otrzyma\u0107 tylko jedn\u0105 zapomog\u0119 z tytu\u0142u tego samego zdarzenia.<\/p>\n","protected":false},"excerpt":{"rendered":"<p>&nbsp; Terminy przyjmowania wniosk\u00f3w o\u00a0zapomog\u0119 w roku akademickim 2025\/2026: od 1 pa\u017adziernika 2025 roku do 30 wrze\u015bnia 2026 roku W celu zyskania zapomogi nale\u017cy z\u0142o\u017cy\u0107 wniosek wraz dokumentami potwierdzaj\u0105cymi zaistnia\u0142e zdarzenie. Aby zarejestrowa\u0107 wniosek nale\u017cy: Po wype\u0142nieniu i zarejestrowaniu w systemie wniosku,\u00a0nale\u017cy go wydrukowa\u0107, podpisa\u0107 i\u00a0w wersji papierowej wraz z wymagan\u0105 dokumentacj\u0105 z\u0142o\u017cy\u0107 w Biura [&hellip;]<\/p>\n","protected":false},"author":1,"featured_media":0,"parent":3361,"menu_order":5,"comment_status":"closed","ping_status":"closed","template":"page-templates\/template-sub-page.php","meta":{"_acf_changed":false,"inline_featured_image":false,"footnotes":"","_links_to":"","_links_to_target":""},"class_list":["post-3833","page","type-page","status-publish","hentry"],"acf":[],"_links":{"self":[{"href":"https:\/\/dpm.uksw.edu.pl\/pl\/wp-json\/wp\/v2\/pages\/3833","targetHints":{"allow":["GET"]}}],"collection":[{"href":"https:\/\/dpm.uksw.edu.pl\/pl\/wp-json\/wp\/v2\/pages"}],"about":[{"href":"https:\/\/dpm.uksw.edu.pl\/pl\/wp-json\/wp\/v2\/types\/page"}],"author":[{"embeddable":true,"href":"https:\/\/dpm.uksw.edu.pl\/pl\/wp-json\/wp\/v2\/users\/1"}],"replies":[{"embeddable":true,"href":"https:\/\/dpm.uksw.edu.pl\/pl\/wp-json\/wp\/v2\/comments?post=3833"}],"version-history":[{"count":13,"href":"https:\/\/dpm.uksw.edu.pl\/pl\/wp-json\/wp\/v2\/pages\/3833\/revisions"}],"predecessor-version":[{"id":5026,"href":"https:\/\/dpm.uksw.edu.pl\/pl\/wp-json\/wp\/v2\/pages\/3833\/revisions\/5026"}],"up":[{"embeddable":true,"href":"https:\/\/dpm.uksw.edu.pl\/pl\/wp-json\/wp\/v2\/pages\/3361"}],"wp:attachment":[{"href":"https:\/\/dpm.uksw.edu.pl\/pl\/wp-json\/wp\/v2\/media?parent=3833"}],"curies":[{"name":"wp","href":"https:\/\/api.w.org\/{rel}","templated":true}]}}