{"id":3842,"date":"2022-11-15T16:28:16","date_gmt":"2022-11-15T15:28:16","guid":{"rendered":"https:\/\/jednostki.uksw.edu.pl\/dpm\/?page_id=3842"},"modified":"2025-09-01T11:32:54","modified_gmt":"2025-09-01T09:32:54","slug":"kontakt","status":"publish","type":"page","link":"https:\/\/dpm.uksw.edu.pl\/kontakt\/","title":{"rendered":"Kontakt"},"content":{"rendered":"\r\n<div class=\"\">\r\n\r\n<div class=\"row\">\r\n\r\n  \r\n\r\n\r\n     <div class=\"col-xl-12 col-lg-6 col-md-12 col-sm-12 project\">\r\n\t\t\t<div class=\"contact_box project_box\">\r\n\t\t\t<div class=\"headingh2\">Biuro Pomocy Materialnej dla Student\u00f3w<\/div>\r\n\t\t\t<div class=\"headingh3\"><\/div><br>\r\n\r\n\r\n\t\t\t<p><br data-mce-bogus=\"1\"><\/p>\n\t\t\t<\/div>\r\n    <\/div>\r\n\r\n\t\r\n\t \r\n\r\n\r\n<\/div>\r\n  \r\n<\/div>\r\n\n\n\n<h2 class=\"wp-block-heading\">Pok.002<\/h2>\n\n\n\r\n<div class=\"\">\r\n\r\n<div class=\"row\">\r\n\r\n  \r\n\r\n\r\n     <div class=\"col-xl-4 col-lg-6 col-md-12 col-sm-12 project\">\r\n\t\t\t<div class=\"contact_box project_box\">\r\n\t\t\t<div class=\"headingh2\"><\/div>\r\n\t\t\t<div class=\"headingh3\">Obs\u0142uga:<\/div><br>\r\n\r\n\r\n\t\t\t<p><strong>Wydzia\u0142u Studi\u00f3w nad Rodzin\u0105<\/strong><\/p>\n<p><strong>Wydzia\u0142u Prawa Kanonicznego <\/strong><br \/>\n<strong>Stypendi\u00f3w Ministra (dotyczy wyp\u0142at)<br \/>\n<\/strong><strong>Stypendi\u00f3w NAWA (dotyczy wyp\u0142at)<\/strong><\/p>\n<p>mgr Marlena Miniewicz \u2013 kierownik BPMS<br \/>\ntel.: <a href=\"tel:22 569 97 83\">22 569 97 83<\/a><br \/>\ne-mail: <a href=\"mailto:m.miniewicz@uksw.edu.pl\">m.miniewicz@uksw.edu.pl<\/a><\/p>\n\t\t\t<\/div>\r\n    <\/div>\r\n\r\n\t\r\n\r\n\r\n     <div class=\"col-xl-4 col-lg-6 col-md-12 col-sm-12 project\">\r\n\t\t\t<div class=\"contact_box project_box\">\r\n\t\t\t<div class=\"headingh2\"><\/div>\r\n\t\t\t<div class=\"headingh3\">Obs\u0142uga:<\/div><br>\r\n\r\n\r\n\t\t\t<p><strong>Wydzia\u0142u Nauk Historycznych<\/strong><br \/>\n<strong>Wydzia\u0142u Spo\u0142eczno-Ekonomiczny<\/strong><\/p>\n<p><strong>Wydzia\u0142u Matematyczno-Przyrodniczego (stypendia rektora)\u00a0<\/strong><\/p>\n<p>in\u017c. Iwona Bugwidz-\u017bera\u0144ska \u2013 specjalista ds. administracyjnych<br \/>\ntel.: <a href=\"tel:22 569 68 86\">22 569 68 86<\/a><br \/>\ne-mail: <a href=\"mailto:i.bugwidz@uksw.edu.pl\">i.bugwidz@uksw.edu.pl<\/a><\/p>\n\t\t\t<\/div>\r\n    <\/div>\r\n\r\n\t\r\n\r\n\r\n     <div class=\"col-xl-4 col-lg-6 col-md-12 col-sm-12 project\">\r\n\t\t\t<div class=\"contact_box project_box\">\r\n\t\t\t<div class=\"headingh2\"><\/div>\r\n\t\t\t<div class=\"headingh3\">Obs\u0142uga:<\/div><br>\r\n\r\n\r\n\t\t\t<p><strong>Wydzia\u0142u Biologii i Nauk o \u015arodowisku<\/strong><br \/>\n<strong>Wydzia\u0142u Filozofii Chrze\u015bcija\u0144skiej<\/strong><br \/>\n<strong>Wydzia\u0142u Nauk Humanistycznych<\/strong><\/p>\n<p><strong>Wydzia\u0142u Nauk Pedagogicznych (stypendia socjalne, zapomogi, stypendia dla os\u00f3b niepe\u0142nosprawnych)<\/strong><\/p>\n<p>mgr Marzena Sa\u0142yga \u2013 st. specjalista ds. administracyjnych<br \/>\ntel.: <a href=\"tel:22 569 68 87\">22 569 68 87<\/a><br \/>\ne-mail: <a href=\"mailto:m.salyga@uksw.edu.pl\">m.salyga@uksw.edu.pl<\/a><\/p>\n\t\t\t<\/div>\r\n    <\/div>\r\n\r\n\t\r\n\t \r\n\r\n\r\n<\/div>\r\n  \r\n<\/div>\r\n\n\n\n<h2 class=\"wp-block-heading\">Pok.003<\/h2>\n\n\n\r\n<div class=\"\">\r\n\r\n<div class=\"row\">\r\n\r\n  \r\n\r\n\r\n     <div class=\"col-xl-4 col-lg-6 col-md-12 col-sm-12 project\">\r\n\t\t\t<div class=\"contact_box project_box\">\r\n\t\t\t<div class=\"headingh2\"><\/div>\r\n\t\t\t<div class=\"headingh3\">Obs\u0142uga:<\/div><br>\r\n\r\n\r\n\t\t\t<p><strong>Wydzia\u0142u Medycznego. Collegium Medicum<\/strong><br \/>\n<strong>Wydzia\u0142u Teologicznego<\/strong><\/p>\n<p><strong>Wydzia\u0142u Matematyczno-Przyrodniczego (stypendia socjalne, zapomogi, stypendia dla os\u00f3b niepe\u0142nosprawnych)<\/strong><br \/>\n<strong>ubezpiecze\u0144 zdrowotnych dla student\u00f3w <\/strong><\/p>\n<p>mgr Paulina Pietrzak-specjalista ds administracyjnych<br \/>\ntel.: <a href=\"tel:22 569 68 90\">22 569 68 90<\/a><br \/>\ne-mail: <a href=\"mailto:p.pietrzak@uksw.edu.pl\">p.pietrzak@uksw.edu.pl<\/a><\/p>\n\t\t\t<\/div>\r\n    <\/div>\r\n\r\n\t\r\n\r\n\r\n     <div class=\"col-xl-4 col-lg-6 col-md-12 col-sm-12 project\">\r\n\t\t\t<div class=\"contact_box project_box\">\r\n\t\t\t<div class=\"headingh2\"><\/div>\r\n\t\t\t<div class=\"headingh3\">Obs\u0142uga:<\/div><br>\r\n\r\n\r\n\t\t\t<p><strong>Wydzia\u0142u Prawa i Administracji<\/strong><\/p>\n<p><strong>Wydzia\u0142u Nauk Pedagogicznych (stypendia rektora)<\/strong><\/p>\n<p>mgr Anna Garlep\u00f3w -st.specjalista ds. administracyjnych<br \/>\ntel.: 22 569 68 48<br \/>\ne-mail: a.garlepow@uksw.edu.pl<\/p>\n\t\t\t<\/div>\r\n    <\/div>\r\n\r\n\t\r\n\t \r\n\r\n\r\n<\/div>\r\n  \r\n<\/div>\r\n","protected":false},"excerpt":{"rendered":"<p>Pok.002 Pok.003<\/p>\n","protected":false},"author":1,"featured_media":4397,"parent":0,"menu_order":0,"comment_status":"closed","ping_status":"closed","template":"page-templates\/template-standerd-page.php","meta":{"_acf_changed":false,"inline_featured_image":false,"footnotes":"","_links_to":"","_links_to_target":""},"class_list":["post-3842","page","type-page","status-publish","has-post-thumbnail","hentry"],"acf":[],"_links":{"self":[{"href":"https:\/\/dpm.uksw.edu.pl\/pl\/wp-json\/wp\/v2\/pages\/3842","targetHints":{"allow":["GET"]}}],"collection":[{"href":"https:\/\/dpm.uksw.edu.pl\/pl\/wp-json\/wp\/v2\/pages"}],"about":[{"href":"https:\/\/dpm.uksw.edu.pl\/pl\/wp-json\/wp\/v2\/types\/page"}],"author":[{"embeddable":true,"href":"https:\/\/dpm.uksw.edu.pl\/pl\/wp-json\/wp\/v2\/users\/1"}],"replies":[{"embeddable":true,"href":"https:\/\/dpm.uksw.edu.pl\/pl\/wp-json\/wp\/v2\/comments?post=3842"}],"version-history":[{"count":53,"href":"https:\/\/dpm.uksw.edu.pl\/pl\/wp-json\/wp\/v2\/pages\/3842\/revisions"}],"predecessor-version":[{"id":5035,"href":"https:\/\/dpm.uksw.edu.pl\/pl\/wp-json\/wp\/v2\/pages\/3842\/revisions\/5035"}],"wp:featuredmedia":[{"embeddable":true,"href":"https:\/\/dpm.uksw.edu.pl\/pl\/wp-json\/wp\/v2\/media\/4397"}],"wp:attachment":[{"href":"https:\/\/dpm.uksw.edu.pl\/pl\/wp-json\/wp\/v2\/media?parent=3842"}],"curies":[{"name":"wp","href":"https:\/\/api.w.org\/{rel}","templated":true}]}}